{"id":3800,"date":"2018-01-08T14:06:46","date_gmt":"2018-01-08T13:06:46","guid":{"rendered":"http:\/\/www.aupredulac.eu\/activites-camping-au-pre-du-lac\/"},"modified":"2018-06-06T14:19:33","modified_gmt":"2018-06-06T12:19:33","slug":"activites-camping-au-pre-du-lac","status":"publish","type":"page","link":"https:\/\/www.aupredulac.eu\/en\/activites-camping-au-pre-du-lac\/","title":{"rendered":"Activities (EN)"},"content":{"rendered":"<p>[vc_row el_class=&#8221;titreHome&#8221;][vc_column][vc_column_text]<\/p>\n<h1>The different types of activities<\/h1>\n<p>[\/vc_column_text][vc_separator color=&#8221;custom&#8221; border_width=&#8221;6&#8243; el_width=&#8221;10&#8243; accent_color=&#8221;#61d007&#8243;][vc_empty_space height=&#8221;5px&#8221;][\/vc_column][\/vc_row][vc_row content_placement=&#8221;middle&#8221; css=&#8221;.vc_custom_1524057950473{margin-bottom: 60px !important;}&#8221;][vc_column width=&#8221;1\/2&#8243;][vc_single_image image=&#8221;3657&#8243; img_size=&#8221;full&#8221; alignment=&#8221;right&#8221; onclick=&#8221;custom_link&#8221; link=&#8221;\/activites\/&#8221;][\/vc_column][vc_column width=&#8221;1\/2&#8243;][vc_column_text el_class=&#8221;texteActivite&#8221;]<\/p>\n<h2><a href=\"\/loisir-camping-au-pre-du-lac\/\">Open air activities<\/a><\/h2>\n<p>Near to the ski resorts (Les deux alpes, L\u2019Alpe D\u2019huez, L\u2019alpe du Grand Serre, Chamrousse) and located in a preserved nature, the various Activities at the campsite and around will entertain you, your family, alone or in couple\u2026[\/vc_column_text][vc_separator color=&#8221;custom&#8221; accent_color=&#8221;#61d007&#8243;][\/vc_column][\/vc_row][vc_row content_placement=&#8221;middle&#8221; css=&#8221;.vc_custom_1524057974370{margin-bottom: 60px !important;}&#8221;][vc_column width=&#8221;1\/2&#8243;][vc_single_image image=&#8221;242&#8243; img_size=&#8221;full&#8221; alignment=&#8221;right&#8221; onclick=&#8221;custom_link&#8221; link=&#8221;\/randonnees\/&#8221;][\/vc_column][vc_column width=&#8221;1\/2&#8243;][vc_column_text el_class=&#8221;texteActivite&#8221;]<\/p>\n<h2><a href=\"\/randonnees\/\">Hiking<\/a><\/h2>\n<p>Our alpine plateau is rich of 300 km of marked trails where you can hike. On foot, snowshoes, mountain bike, horseback or even by donkey.[\/vc_column_text][vc_separator color=&#8221;custom&#8221; accent_color=&#8221;#61d007&#8243;][\/vc_column][\/vc_row][vc_row content_placement=&#8221;middle&#8221; css=&#8221;.vc_custom_1524057979426{margin-bottom: 60px !important;}&#8221;][vc_column width=&#8221;1\/2&#8243;][vc_single_image image=&#8221;243&#8243; img_size=&#8221;full&#8221; alignment=&#8221;right&#8221; onclick=&#8221;custom_link&#8221; link=&#8221;\/visites-et-festivites\/&#8221;][\/vc_column][vc_column width=&#8221;1\/2&#8243;][vc_column_text el_class=&#8221;texteActivite&#8221;]<\/p>\n<h2><a href=\"https:\/\/www.aupredulac.eu\/visites-et-festivites\/\">Tours and festivities<\/a><\/h2>\n<p>The Matheysine is celebrating all year and invites you to its events.[\/vc_column_text][vc_separator color=&#8221;custom&#8221; align=&#8221;align_left&#8221; el_id=&#8221;Separateur1&#8243; accent_color=&#8221;#61d007&#8243;][\/vc_column][\/vc_row][vc_row content_placement=&#8221;middle&#8221; el_id=&#8221;sport-nautique&#8221;][vc_column width=&#8221;1\/2&#8243;][vc_single_image image=&#8221;241&#8243; img_size=&#8221;full&#8221; alignment=&#8221;right&#8221;][\/vc_column][vc_column width=&#8221;1\/2&#8243;][vc_column_text el_class=&#8221;texteActivite&#8221;]<\/p>\n<h2>Nautical sports<\/h2>\n<p>Under construction[\/vc_column_text][vc_separator color=&#8221;custom&#8221; align=&#8221;align_left&#8221; accent_color=&#8221;#61d007&#8243;][\/vc_column][\/vc_row]<\/p>\n","protected":false},"excerpt":{"rendered":"<p>[vc_row el_class=&#8221;titreHome&#8221;][vc_column][vc_column_text] The different types of activities [\/vc_column_text][vc_separator color=&#8221;custom&#8221; border_width=&#8221;6&#8243; el_width=&#8221;10&#8243; accent_color=&#8221;#61d007&#8243;][vc_empty_space height=&#8221;5px&#8221;][\/vc_column][\/vc_row][vc_row content_placement=&#8221;middle&#8221; css=&#8221;.vc_custom_1524057950473{margin-bottom: 60px !important;}&#8221;][vc_column width=&#8221;1\/2&#8243;][vc_single_image image=&#8221;3657&#8243; img_size=&#8221;full&#8221; alignment=&#8221;right&#8221; onclick=&#8221;custom_link&#8221; link=&#8221;\/activites\/&#8221;][\/vc_column][vc_column width=&#8221;1\/2&#8243;][vc_column_text el_class=&#8221;texteActivite&#8221;] Open<span class=\"excerpt-hellip\"> [\u2026]<\/span><\/p>\n","protected":false},"author":1,"featured_media":0,"parent":0,"menu_order":0,"comment_status":"closed","ping_status":"closed","template":"","meta":[],"yoast_head":"<!-- This site is optimized with the Yoast SEO plugin v19.4 - https:\/\/yoast.com\/wordpress\/plugins\/seo\/ -->\n<title>Activit\u00e9s - &quot;Au pr\u00e9 du Lac&quot; - Camping *** \u00e0 Laffrey<\/title>\n<meta name=\"description\" content=\"D\u00e9couvrez les activit\u00e9s disponibles au camping et dans ses environs. Situ\u00e9 dans un cadre idyllique, il est le point de d\u00e9part de nombreux sentiers p\u00e9destres ou cycliste. Pour les plus enclin \u00e0 la relaxation ou au sport extr\u00eame, le lac de Laffrey est l\u00e0.\" \/>\n<meta name=\"robots\" content=\"index, follow, max-snippet:-1, max-image-preview:large, max-video-preview:-1\" \/>\n<link rel=\"canonical\" href=\"\/activites-camping-au-pre-du-lac\/\" \/>\n<meta property=\"og:locale\" content=\"en_US\" \/>\n<meta property=\"og:type\" content=\"article\" \/>\n<meta property=\"og:title\" content=\"Activit\u00e9s - &quot;Au pr\u00e9 du Lac&quot; - Camping *** \u00e0 Laffrey\" \/>\n<meta property=\"og:description\" content=\"D\u00e9couvrez les activit\u00e9s disponibles au camping et dans ses environs. Situ\u00e9 dans un cadre idyllique, il est le point de d\u00e9part de nombreux sentiers p\u00e9destres ou cycliste. Pour les plus enclin \u00e0 la relaxation ou au sport extr\u00eame, le lac de Laffrey est l\u00e0.\" \/>\n<meta property=\"og:url\" content=\"\/activites-camping-au-pre-du-lac\/\" \/>\n<meta property=\"og:site_name\" content=\"Au pre du Lac - Camping\" \/>\n<meta property=\"article:modified_time\" content=\"2018-06-06T12:19:33+00:00\" \/>\n<meta name=\"twitter:card\" content=\"summary_large_image\" \/>\n<meta name=\"twitter:label1\" content=\"Est. reading time\" \/>\n\t<meta name=\"twitter:data1\" content=\"2 minutes\" \/>\n<script type=\"application\/ld+json\" class=\"yoast-schema-graph\">{\"@context\":\"https:\/\/schema.org\",\"@graph\":[{\"@type\":\"WebSite\",\"@id\":\"https:\/\/www.aupredulac.eu\/#website\",\"url\":\"https:\/\/www.aupredulac.eu\/\",\"name\":\"Au pre du Lac - Camping\",\"description\":\"\",\"potentialAction\":[{\"@type\":\"SearchAction\",\"target\":{\"@type\":\"EntryPoint\",\"urlTemplate\":\"https:\/\/www.aupredulac.eu\/?s={search_term_string}\"},\"query-input\":\"required name=search_term_string\"}],\"inLanguage\":\"en-US\"},{\"@type\":\"WebPage\",\"@id\":\"https:\/\/www.aupredulac.eu\/en\/activites-camping-au-pre-du-lac\/\",\"url\":\"\/activites-camping-au-pre-du-lac\/\",\"name\":\"Activit\u00e9s - \\\"Au pr\u00e9 du Lac\\\" - Camping *** \u00e0 Laffrey\",\"isPartOf\":{\"@id\":\"https:\/\/www.aupredulac.eu\/#website\"},\"datePublished\":\"2018-01-08T13:06:46+00:00\",\"dateModified\":\"2018-06-06T12:19:33+00:00\",\"description\":\"D\u00e9couvrez les activit\u00e9s disponibles au camping et dans ses environs. Situ\u00e9 dans un cadre idyllique, il est le point de d\u00e9part de nombreux sentiers p\u00e9destres ou cycliste. Pour les plus enclin \u00e0 la relaxation ou au sport extr\u00eame, le lac de Laffrey est l\u00e0.\",\"breadcrumb\":{\"@id\":\"\/activites-camping-au-pre-du-lac\/#breadcrumb\"},\"inLanguage\":\"en-US\",\"potentialAction\":[{\"@type\":\"ReadAction\",\"target\":[\"\/activites-camping-au-pre-du-lac\/\"]}]},{\"@type\":\"BreadcrumbList\",\"@id\":\"\/activites-camping-au-pre-du-lac\/#breadcrumb\",\"itemListElement\":[{\"@type\":\"ListItem\",\"position\":1,\"name\":\"Accueil\",\"item\":\"https:\/\/www.aupredulac.eu\/en\/\"},{\"@type\":\"ListItem\",\"position\":2,\"name\":\"Activities (EN)\"}]}]}<\/script>\n<!-- \/ Yoast SEO plugin. -->","yoast_head_json":{"title":"Activit\u00e9s - \"Au pr\u00e9 du Lac\" - Camping *** \u00e0 Laffrey","description":"D\u00e9couvrez les activit\u00e9s disponibles au camping et dans ses environs. Situ\u00e9 dans un cadre idyllique, il est le point de d\u00e9part de nombreux sentiers p\u00e9destres ou cycliste. Pour les plus enclin \u00e0 la relaxation ou au sport extr\u00eame, le lac de Laffrey est l\u00e0.","robots":{"index":"index","follow":"follow","max-snippet":"max-snippet:-1","max-image-preview":"max-image-preview:large","max-video-preview":"max-video-preview:-1"},"canonical":"\/activites-camping-au-pre-du-lac\/","og_locale":"en_US","og_type":"article","og_title":"Activit\u00e9s - \"Au pr\u00e9 du Lac\" - Camping *** \u00e0 Laffrey","og_description":"D\u00e9couvrez les activit\u00e9s disponibles au camping et dans ses environs. Situ\u00e9 dans un cadre idyllique, il est le point de d\u00e9part de nombreux sentiers p\u00e9destres ou cycliste. Pour les plus enclin \u00e0 la relaxation ou au sport extr\u00eame, le lac de Laffrey est l\u00e0.","og_url":"\/activites-camping-au-pre-du-lac\/","og_site_name":"Au pre du Lac - Camping","article_modified_time":"2018-06-06T12:19:33+00:00","twitter_card":"summary_large_image","twitter_misc":{"Est. reading time":"2 minutes"},"schema":{"@context":"https:\/\/schema.org","@graph":[{"@type":"WebSite","@id":"https:\/\/www.aupredulac.eu\/#website","url":"https:\/\/www.aupredulac.eu\/","name":"Au pre du Lac - Camping","description":"","potentialAction":[{"@type":"SearchAction","target":{"@type":"EntryPoint","urlTemplate":"https:\/\/www.aupredulac.eu\/?s={search_term_string}"},"query-input":"required name=search_term_string"}],"inLanguage":"en-US"},{"@type":"WebPage","@id":"https:\/\/www.aupredulac.eu\/en\/activites-camping-au-pre-du-lac\/","url":"\/activites-camping-au-pre-du-lac\/","name":"Activit\u00e9s - \"Au pr\u00e9 du Lac\" - Camping *** \u00e0 Laffrey","isPartOf":{"@id":"https:\/\/www.aupredulac.eu\/#website"},"datePublished":"2018-01-08T13:06:46+00:00","dateModified":"2018-06-06T12:19:33+00:00","description":"D\u00e9couvrez les activit\u00e9s disponibles au camping et dans ses environs. Situ\u00e9 dans un cadre idyllique, il est le point de d\u00e9part de nombreux sentiers p\u00e9destres ou cycliste. Pour les plus enclin \u00e0 la relaxation ou au sport extr\u00eame, le lac de Laffrey est l\u00e0.","breadcrumb":{"@id":"\/activites-camping-au-pre-du-lac\/#breadcrumb"},"inLanguage":"en-US","potentialAction":[{"@type":"ReadAction","target":["\/activites-camping-au-pre-du-lac\/"]}]},{"@type":"BreadcrumbList","@id":"\/activites-camping-au-pre-du-lac\/#breadcrumb","itemListElement":[{"@type":"ListItem","position":1,"name":"Accueil","item":"https:\/\/www.aupredulac.eu\/en\/"},{"@type":"ListItem","position":2,"name":"Activities (EN)"}]}]}},"_links":{"self":[{"href":"https:\/\/www.aupredulac.eu\/en\/wp-json\/wp\/v2\/pages\/3800"}],"collection":[{"href":"https:\/\/www.aupredulac.eu\/en\/wp-json\/wp\/v2\/pages"}],"about":[{"href":"https:\/\/www.aupredulac.eu\/en\/wp-json\/wp\/v2\/types\/page"}],"author":[{"embeddable":true,"href":"https:\/\/www.aupredulac.eu\/en\/wp-json\/wp\/v2\/users\/1"}],"replies":[{"embeddable":true,"href":"https:\/\/www.aupredulac.eu\/en\/wp-json\/wp\/v2\/comments?post=3800"}],"version-history":[{"count":3,"href":"https:\/\/www.aupredulac.eu\/en\/wp-json\/wp\/v2\/pages\/3800\/revisions"}],"predecessor-version":[{"id":4355,"href":"https:\/\/www.aupredulac.eu\/en\/wp-json\/wp\/v2\/pages\/3800\/revisions\/4355"}],"wp:attachment":[{"href":"https:\/\/www.aupredulac.eu\/en\/wp-json\/wp\/v2\/media?parent=3800"}],"curies":[{"name":"wp","href":"https:\/\/api.w.org\/{rel}","templated":true}]}}