{"id":3730,"date":"2018-02-08T14:35:27","date_gmt":"2018-02-08T13:35:27","guid":{"rendered":"http:\/\/www.aupredulac.eu\/location-gite-grenoble\/"},"modified":"2018-06-06T14:21:22","modified_gmt":"2018-06-06T12:21:22","slug":"location-gite-grenoble","status":"publish","type":"page","link":"https:\/\/www.aupredulac.eu\/en\/location-gite-grenoble\/","title":{"rendered":"Holiday Cottages (EN)"},"content":{"rendered":"<p>[vc_row][vc_column][vc_empty_space height=&#8221;10px&#8221;][vc_column_text el_id=&#8221;titre&#8221;]<\/p>\n<h1 style=\"text-align: center;\"><strong>Holiday cottage rentals near to Grenoble<\/strong><\/h1>\n<p>[\/vc_column_text][vc_separator color=&#8221;custom&#8221; border_width=&#8221;6&#8243; el_width=&#8221;10&#8243; accent_color=&#8221;#61d007&#8243;][\/vc_column][\/vc_row][vc_row][vc_column][vc_empty_space height=&#8221;20px&#8221;][\/vc_column][\/vc_row][vc_row el_id=&#8221;presentation&#8221;][vc_column width=&#8221;1\/2&#8243;][vc_column_text]<\/p>\n<p class=\"h3\" style=\"text-align: center;\">For those who love culture shocks<\/p>\n<p>[\/vc_column_text][\/vc_column][vc_column width=&#8221;1\/2&#8243;][vc_column_text]<\/p>\n<p class=\"h3\" style=\"text-align: center;\">Without sacrifying the comfort you have at home!<\/p>\n<p>[\/vc_column_text][\/vc_column][vc_column][\/vc_column][\/vc_row][vc_row full_width=&#8221;stretch_row&#8221; css=&#8221;.vc_custom_1523019047345{background-color: #f0f0f1 !important;}&#8221;][vc_column][\/vc_column][vc_column][vc_column_text]<\/p>\n<h2 style=\"text-align: center;\">Area tour&#8230;<\/h2>\n<p>[\/vc_column_text][vc_separator color=&#8221;custom&#8221; border_width=&#8221;6&#8243; el_width=&#8221;10&#8243; accent_color=&#8221;#61d007&#8243;][vc_column_text]<\/p>\n<p style=\"text-align: center;\">Conveniently located near Grenoble, our cottage rentals can offer you all the comfort for a great holiday<\/p>\n<p>[\/vc_column_text][vc_column_text]<\/p>\n<p style=\"text-align: center;\">Our cottage rental includes three bedrooms, for six to eight people<\/p>\n<p>[\/vc_column_text][vc_row_inner][vc_column_inner width=&#8221;1\/2&#8243;][vc_column_text]Who says holidays, says above all, a good rest!<\/p>\n<ul>\n<li>That you prefer to devote them to sport<\/li>\n<li><a href=\"https:\/\/www.aupredulac.eu\/camping-montagne-alpes\/\">Outdoor<\/a> adventure and cultural visits<\/li>\n<li>Or you are more of the kind of sleepy morning, stroll along the <a href=\"https:\/\/www.aupredulac.eu\/camping-lac-de-laffrey\/\">lake<\/a>\u00a0and drink with friends<\/li>\n<\/ul>\n<p>in any case a good sleep is necessary![\/vc_column_text][\/vc_column_inner][vc_column_inner width=&#8221;1\/2&#8243;][vc_column_text]For this, our bedding consists of:<\/p>\n<ul>\n<li>A double bed (190&#215;200)<\/li>\n<li>4 single beds (80&#215;190) and a convertible sofa<\/li>\n<\/ul>\n<p>Bed linen is provided and beds are made upon arrival, depending on the number of people announced.[\/vc_column_text][\/vc_column_inner][\/vc_row_inner][\/vc_column][\/vc_row][vc_row][vc_column][\/vc_column][vc_column width=&#8221;1\/2&#8243;][vc_column_text]<\/p>\n<h2 style=\"text-align: center;\">After an outdoor activity day, nothing&#8217;s better than a good meal &#8230;<\/h2>\n<p>[\/vc_column_text][vc_separator color=&#8221;custom&#8221; border_width=&#8221;6&#8243; el_width=&#8221;10&#8243; accent_color=&#8221;#61d007&#8243;][vc_column_text]<\/p>\n<p style=\"text-align: left;\">With its 75m\u00b2 fully equipped, our rental cottage offers all the amenities for you to feel in Grenoble as at home:<\/p>\n<ul>\n<li style=\"text-align: left;\">A kitchen with a fridge \/ freezer<\/li>\n<li style=\"text-align: left;\">A microwave<\/li>\n<li>A coffee machine<\/li>\n<li style=\"text-align: left;\">oven and four gas burners are there to ensure that the comfort is at the height of the effort!<\/li>\n<\/ul>\n<p>The dining room is equipped to accommodate up to eight people.[\/vc_column_text][\/vc_column][vc_column width=&#8221;1\/2&#8243;][vc_single_image image=&#8221;3634&#8243; img_size=&#8221;full&#8221;][\/vc_column][vc_column][\/vc_column][\/vc_row][vc_row full_width=&#8221;stretch_row&#8221; css=&#8221;.vc_custom_1522833033729{background-color: #f0f0f1 !important;}&#8221;][vc_column][\/vc_column][vc_column width=&#8221;1\/2&#8243;][vc_single_image image=&#8221;3594&#8243; img_size=&#8221;full&#8221;][\/vc_column][vc_column width=&#8221;1\/2&#8243;][vc_column_text]<\/p>\n<h2 style=\"text-align: center;\">Cottage rental: yes !<\/h2>\n<p>[\/vc_column_text][vc_separator color=&#8221;custom&#8221; border_width=&#8221;6&#8243; el_width=&#8221;10&#8243; accent_color=&#8221;#61d007&#8243;][vc_column_text]In terms of amenities, this cottage offers a bathroom with bath and another equipped with a shower.<br \/>\nThis rental has heating and a washing machine.<\/p>\n<p>Large family or vacation with friends, we know that a prior assignment can avoid many problems.[\/vc_column_text][\/vc_column][\/vc_row][vc_row][vc_column][vc_row_inner][vc_column_inner width=&#8221;1\/6&#8243;][\/vc_column_inner][vc_column_inner width=&#8221;2\/3&#8243;][vc_column_text el_id=&#8221;Text1&#8243;]<\/p>\n<h2 style=\"text-align: center;\">A rental for you to enjoy the landscape of the Matheysin plateau<\/h2>\n<p>[\/vc_column_text][vc_separator color=&#8221;custom&#8221; border_width=&#8221;6&#8243; el_width=&#8221;10&#8243; accent_color=&#8221;#61d007&#8243;][\/vc_column_inner][vc_column_inner width=&#8221;1\/6&#8243;][\/vc_column_inner][\/vc_row_inner][vc_row_inner][vc_column_inner width=&#8221;1\/2&#8243;][vc_column_text]<\/p>\n<p style=\"text-align: center;\">A garden lounge and a table terrace are at your disposal to fully enjoy the region of <a href=\"https:\/\/www.aupredulac.eu\/camping-isere\/\">Isere<\/a> with tranquility.<\/p>\n<p style=\"text-align: center;\">Lunch, aperitif, or relaxing afternoon, no doubts, you&#8217;ll use those well !<\/p>\n<p>[\/vc_column_text][\/vc_column_inner][vc_column_inner][\/vc_column_inner][\/vc_row_inner][\/vc_column][\/vc_row][vc_row full_width=&#8221;stretch_row&#8221; css=&#8221;.vc_custom_1522919903291{background-color: #f0f0f1 !important;}&#8221;][vc_column][\/vc_column][vc_column][vc_column_text]<\/p>\n<h2 style=\"text-align: center;\">An ideal location with an access to all our facilities<\/h2>\n<p>[\/vc_column_text][vc_separator color=&#8221;custom&#8221; border_width=&#8221;6&#8243; el_width=&#8221;10&#8243; accent_color=&#8221;#61d007&#8243;][vc_row_inner css=&#8221;.vc_custom_1522919909777{background-color: #f0f0f1 !important;}&#8221;][vc_column_inner width=&#8221;1\/2&#8243;][vc_column_text]Surrounded by trees to keep a certain intimity but still with a beautiful view, the cottage is located in the heart of the campsite:<\/p>\n<p style=\"text-align: left;\">None of the camping spots are as close as the restaurant. The parking is also located next to the cottage.<\/p>\n<p>[\/vc_column_text][\/vc_column_inner][vc_column_inner width=&#8221;1\/2&#8243;][vc_single_image image=&#8221;3595&#8243; img_size=&#8221;770*417&#8243; alignment=&#8221;center&#8221;][\/vc_column_inner][\/vc_row_inner][\/vc_column][\/vc_row][vc_row el_id=&#8221;presentation&#8221;][vc_column][vc_empty_space height=&#8221;10px&#8221;][\/vc_column][vc_column width=&#8221;1\/2&#8243;][vc_column_text]<\/p>\n<p class=\"h3\" style=\"text-align: center;\">If you need to stay connected : Wifi access is available at the reception!<\/p>\n<p>[\/vc_column_text][\/vc_column][vc_column width=&#8221;1\/2&#8243;][vc_column_text]<\/p>\n<p style=\"text-align: center;\">And finally, our holiday cottage bookings are available all year<\/p>\n<p style=\"text-align: center;\">for a week end or a week<\/p>\n<p style=\"text-align: center;\">Booking fees are offered<\/p>\n<p>[\/vc_column_text][\/vc_column][vc_column][vc_empty_space height=&#8221;10px&#8221;][\/vc_column][\/vc_row][vc_row full_width=&#8221;stretch_row&#8221; css=&#8221;.vc_custom_1523019291555{background-color: #f0f0f1 !important;}&#8221;][vc_column][vc_empty_space height=&#8221;10px&#8221;][vc_column_text]<\/p>\n<h2 style=\"text-align: center;\">Our holiday cottages<\/h2>\n<p>[\/vc_column_text][vc_column_text el_class=&#8221;btnHome&#8221;]<\/p>\n<p style=\"text-align: center;\"><a href=\"https:\/\/www.aupredulac.eu\/hebergements-tarifs\/#Chalet\">Prices<\/a><\/p>\n<p>[\/vc_column_text][\/vc_column][\/vc_row][vc_row full_width=&#8221;stretch_row&#8221; css=&#8221;.vc_custom_1523019299054{background-color: #f0f0f1 !important;}&#8221;][vc_column][\/vc_column][\/vc_row][vc_row full_width=&#8221;stretch_row&#8221; css=&#8221;.vc_custom_1518097120639{background-color: #f0f0f1 !important;}&#8221;][vc_column width=&#8221;1\/4&#8243;][\/vc_column][vc_column width=&#8221;1\/2&#8243; css=&#8221;.vc_custom_1523282197292{margin-top: 30px !important;margin-bottom: 30px !important;background-color: #fcfcfc !important;border-radius: 25px !important;}&#8221;][vc_column_text el_class=&#8221;libelle&#8221;]<\/p>\n<p style=\"text-align: center;\"><strong>\u00a03 BEDROOMS COTTAGE<\/strong><\/p>\n<p>[\/vc_column_text][vc_single_image image=&#8221;3593&#8243; img_size=&#8221;full&#8221; alignment=&#8221;center&#8221;][vc_column_text el_class=&#8221;btnHome&#8221;]<\/p>\n<p style=\"text-align: center;\"><a href=\"\/chalet-2-chambres\/\">LET&#8217;S SEE<\/a><\/p>\n<p>[\/vc_column_text][\/vc_column][vc_column width=&#8221;1\/4&#8243;][\/vc_column][\/vc_row]<\/p>\n","protected":false},"excerpt":{"rendered":"<p>[vc_row][vc_column][vc_empty_space height=&#8221;10px&#8221;][vc_column_text el_id=&#8221;titre&#8221;] Holiday cottage rentals near to Grenoble [\/vc_column_text][vc_separator color=&#8221;custom&#8221; border_width=&#8221;6&#8243; el_width=&#8221;10&#8243; accent_color=&#8221;#61d007&#8243;][\/vc_column][\/vc_row][vc_row][vc_column][vc_empty_space height=&#8221;20px&#8221;][\/vc_column][\/vc_row][vc_row el_id=&#8221;presentation&#8221;][vc_column width=&#8221;1\/2&#8243;][vc_column_text] For those who love culture shocks [\/vc_column_text][\/vc_column][vc_column width=&#8221;1\/2&#8243;][vc_column_text] Without<span class=\"excerpt-hellip\"> [\u2026]<\/span><\/p>\n","protected":false},"author":1,"featured_media":0,"parent":0,"menu_order":0,"comment_status":"closed","ping_status":"closed","template":"","meta":[],"yoast_head":"<!-- This site is optimized with the Yoast SEO plugin v19.4 - https:\/\/yoast.com\/wordpress\/plugins\/seo\/ -->\n<title>Location Gites Grenoble - &quot;Au Pr\u00e9 du Lac&quot; - Camping *** \u00e0 Laffrey<\/title>\n<meta name=\"description\" content=\"Une location gite \u00e0 grenoble spacieuse et accueillante. Ces gites peuvent recevoir entre 6 et 8 personnes. En famille ou entre amis, compl\u00e9tez vos vacances en pleine nature par le confort de ce gite tout \u00e9quip\u00e9.\" \/>\n<meta name=\"robots\" content=\"index, follow, max-snippet:-1, max-image-preview:large, max-video-preview:-1\" \/>\n<link rel=\"canonical\" href=\"https:\/\/www.aupredulac.eu\/en\/location-gite-grenoble\/\" \/>\n<meta property=\"og:locale\" content=\"en_US\" \/>\n<meta property=\"og:type\" content=\"article\" \/>\n<meta property=\"og:title\" content=\"Location Gites Grenoble - &quot;Au Pr\u00e9 du Lac&quot; - Camping *** \u00e0 Laffrey\" \/>\n<meta property=\"og:description\" content=\"Une location gite \u00e0 grenoble spacieuse et accueillante. Ces gites peuvent recevoir entre 6 et 8 personnes. En famille ou entre amis, compl\u00e9tez vos vacances en pleine nature par le confort de ce gite tout \u00e9quip\u00e9.\" \/>\n<meta property=\"og:url\" content=\"https:\/\/www.aupredulac.eu\/en\/location-gite-grenoble\/\" \/>\n<meta property=\"og:site_name\" content=\"Au pre du Lac - Camping\" \/>\n<meta property=\"article:modified_time\" content=\"2018-06-06T12:21:22+00:00\" \/>\n<meta name=\"twitter:card\" content=\"summary_large_image\" \/>\n<meta name=\"twitter:label1\" content=\"Est. reading time\" \/>\n\t<meta name=\"twitter:data1\" content=\"5 minutes\" \/>\n<script type=\"application\/ld+json\" class=\"yoast-schema-graph\">{\"@context\":\"https:\/\/schema.org\",\"@graph\":[{\"@type\":\"WebSite\",\"@id\":\"https:\/\/www.aupredulac.eu\/#website\",\"url\":\"https:\/\/www.aupredulac.eu\/\",\"name\":\"Au pre du Lac - Camping\",\"description\":\"\",\"potentialAction\":[{\"@type\":\"SearchAction\",\"target\":{\"@type\":\"EntryPoint\",\"urlTemplate\":\"https:\/\/www.aupredulac.eu\/?s={search_term_string}\"},\"query-input\":\"required name=search_term_string\"}],\"inLanguage\":\"en-US\"},{\"@type\":\"WebPage\",\"@id\":\"https:\/\/www.aupredulac.eu\/en\/location-gite-grenoble\/\",\"url\":\"https:\/\/www.aupredulac.eu\/en\/location-gite-grenoble\/\",\"name\":\"Location Gites Grenoble - \\\"Au Pr\u00e9 du Lac\\\" - Camping *** \u00e0 Laffrey\",\"isPartOf\":{\"@id\":\"https:\/\/www.aupredulac.eu\/#website\"},\"datePublished\":\"2018-02-08T13:35:27+00:00\",\"dateModified\":\"2018-06-06T12:21:22+00:00\",\"description\":\"Une location gite \u00e0 grenoble spacieuse et accueillante. Ces gites peuvent recevoir entre 6 et 8 personnes. En famille ou entre amis, compl\u00e9tez vos vacances en pleine nature par le confort de ce gite tout \u00e9quip\u00e9.\",\"breadcrumb\":{\"@id\":\"https:\/\/www.aupredulac.eu\/en\/location-gite-grenoble\/#breadcrumb\"},\"inLanguage\":\"en-US\",\"potentialAction\":[{\"@type\":\"ReadAction\",\"target\":[\"https:\/\/www.aupredulac.eu\/en\/location-gite-grenoble\/\"]}]},{\"@type\":\"BreadcrumbList\",\"@id\":\"https:\/\/www.aupredulac.eu\/en\/location-gite-grenoble\/#breadcrumb\",\"itemListElement\":[{\"@type\":\"ListItem\",\"position\":1,\"name\":\"Accueil\",\"item\":\"https:\/\/www.aupredulac.eu\/en\/\"},{\"@type\":\"ListItem\",\"position\":2,\"name\":\"Holiday Cottages (EN)\"}]}]}<\/script>\n<!-- \/ Yoast SEO plugin. -->","yoast_head_json":{"title":"Location Gites Grenoble - \"Au Pr\u00e9 du Lac\" - Camping *** \u00e0 Laffrey","description":"Une location gite \u00e0 grenoble spacieuse et accueillante. Ces gites peuvent recevoir entre 6 et 8 personnes. En famille ou entre amis, compl\u00e9tez vos vacances en pleine nature par le confort de ce gite tout \u00e9quip\u00e9.","robots":{"index":"index","follow":"follow","max-snippet":"max-snippet:-1","max-image-preview":"max-image-preview:large","max-video-preview":"max-video-preview:-1"},"canonical":"https:\/\/www.aupredulac.eu\/en\/location-gite-grenoble\/","og_locale":"en_US","og_type":"article","og_title":"Location Gites Grenoble - \"Au Pr\u00e9 du Lac\" - Camping *** \u00e0 Laffrey","og_description":"Une location gite \u00e0 grenoble spacieuse et accueillante. Ces gites peuvent recevoir entre 6 et 8 personnes. En famille ou entre amis, compl\u00e9tez vos vacances en pleine nature par le confort de ce gite tout \u00e9quip\u00e9.","og_url":"https:\/\/www.aupredulac.eu\/en\/location-gite-grenoble\/","og_site_name":"Au pre du Lac - Camping","article_modified_time":"2018-06-06T12:21:22+00:00","twitter_card":"summary_large_image","twitter_misc":{"Est. reading time":"5 minutes"},"schema":{"@context":"https:\/\/schema.org","@graph":[{"@type":"WebSite","@id":"https:\/\/www.aupredulac.eu\/#website","url":"https:\/\/www.aupredulac.eu\/","name":"Au pre du Lac - Camping","description":"","potentialAction":[{"@type":"SearchAction","target":{"@type":"EntryPoint","urlTemplate":"https:\/\/www.aupredulac.eu\/?s={search_term_string}"},"query-input":"required name=search_term_string"}],"inLanguage":"en-US"},{"@type":"WebPage","@id":"https:\/\/www.aupredulac.eu\/en\/location-gite-grenoble\/","url":"https:\/\/www.aupredulac.eu\/en\/location-gite-grenoble\/","name":"Location Gites Grenoble - \"Au Pr\u00e9 du Lac\" - Camping *** \u00e0 Laffrey","isPartOf":{"@id":"https:\/\/www.aupredulac.eu\/#website"},"datePublished":"2018-02-08T13:35:27+00:00","dateModified":"2018-06-06T12:21:22+00:00","description":"Une location gite \u00e0 grenoble spacieuse et accueillante. Ces gites peuvent recevoir entre 6 et 8 personnes. En famille ou entre amis, compl\u00e9tez vos vacances en pleine nature par le confort de ce gite tout \u00e9quip\u00e9.","breadcrumb":{"@id":"https:\/\/www.aupredulac.eu\/en\/location-gite-grenoble\/#breadcrumb"},"inLanguage":"en-US","potentialAction":[{"@type":"ReadAction","target":["https:\/\/www.aupredulac.eu\/en\/location-gite-grenoble\/"]}]},{"@type":"BreadcrumbList","@id":"https:\/\/www.aupredulac.eu\/en\/location-gite-grenoble\/#breadcrumb","itemListElement":[{"@type":"ListItem","position":1,"name":"Accueil","item":"https:\/\/www.aupredulac.eu\/en\/"},{"@type":"ListItem","position":2,"name":"Holiday Cottages (EN)"}]}]}},"_links":{"self":[{"href":"https:\/\/www.aupredulac.eu\/en\/wp-json\/wp\/v2\/pages\/3730"}],"collection":[{"href":"https:\/\/www.aupredulac.eu\/en\/wp-json\/wp\/v2\/pages"}],"about":[{"href":"https:\/\/www.aupredulac.eu\/en\/wp-json\/wp\/v2\/types\/page"}],"author":[{"embeddable":true,"href":"https:\/\/www.aupredulac.eu\/en\/wp-json\/wp\/v2\/users\/1"}],"replies":[{"embeddable":true,"href":"https:\/\/www.aupredulac.eu\/en\/wp-json\/wp\/v2\/comments?post=3730"}],"version-history":[{"count":5,"href":"https:\/\/www.aupredulac.eu\/en\/wp-json\/wp\/v2\/pages\/3730\/revisions"}],"predecessor-version":[{"id":4360,"href":"https:\/\/www.aupredulac.eu\/en\/wp-json\/wp\/v2\/pages\/3730\/revisions\/4360"}],"wp:attachment":[{"href":"https:\/\/www.aupredulac.eu\/en\/wp-json\/wp\/v2\/media?parent=3730"}],"curies":[{"name":"wp","href":"https:\/\/api.w.org\/{rel}","templated":true}]}}