{"id":3715,"date":"2018-01-08T14:11:23","date_gmt":"2018-01-08T13:11:23","guid":{"rendered":"http:\/\/www.aupredulac.eu\/restaurant-laffrey\/"},"modified":"2025-12-09T14:54:58","modified_gmt":"2025-12-09T13:54:58","slug":"restaurant-laffrey","status":"publish","type":"page","link":"https:\/\/www.aupredulac.eu\/en\/restaurant-laffrey\/","title":{"rendered":"The Restaurant (EN)"},"content":{"rendered":"<p>[vc_row full_width=&#8221;stretch_row&#8221; parallax=&#8221;content-moving&#8221; parallax_image=&#8221;3410&#8243;][vc_column][vc_empty_space height=&#8221;200px&#8221;][\/vc_column][\/vc_row][vc_row el_id=&#8221;titre&#8221;][vc_column][vc_empty_space height=&#8221;10px&#8221;][vc_column_text el_class=&#8221;titreHome&#8221;]<\/p>\n<h1><strong>Laffrey R<\/strong><strong>estaurant\u00a0<\/strong><\/h1>\n<p>[\/vc_column_text][vc_separator color=&#8221;custom&#8221; border_width=&#8221;6&#8243; el_width=&#8221;10&#8243; accent_color=&#8221;#61d007&#8243;][vc_empty_space height=&#8221;10px&#8221;][\/vc_column][\/vc_row][vc_row el_id=&#8221;presentation&#8221;][vc_column][vc_row_inner el_id=&#8221;ligne-1&#8243;][vc_column_inner width=&#8221;1\/2&#8243;][vc_column_text]Located beside the wonderful laffrey lake, come to discover a traditional, authentic cuisine with flavours from all over the world at the panoramic restaurant \u201cAu pr\u00e9 du Lac\u201d.[\/vc_column_text][\/vc_column_inner][vc_column_inner width=&#8221;1\/2&#8243;][vc_column_text el_id=&#8221;text1&#8243;]Open from the beginning of March to the end of September, this restaurant in Laffrey offers you a menu with fresh and local products, wich change according to the seasons.[\/vc_column_text][\/vc_column_inner][\/vc_row_inner][vc_row_inner el_id=&#8221;ligne-2&#8243;][vc_column_inner width=&#8221;1\/4&#8243;][\/vc_column_inner][vc_column_inner width=&#8221;1\/2&#8243;][vc_column_text]After a nice walk in our region, for an evening between friends or family, come for a food travel just next to the <a href=\"https:\/\/www.aupredulac.eu\/camping-lac-de-laffrey\/\">lake<\/a>.[\/vc_column_text][\/vc_column_inner][vc_column_inner width=&#8221;1\/4&#8243;][\/vc_column_inner][\/vc_row_inner][\/vc_column][\/vc_row][vc_row full_width=&#8221;stretch_row&#8221; css=&#8221;.vc_custom_1523543165161{background-color: #f0f0f1 !important;}&#8221; el_id=&#8221;cadre-idyllique&#8221;][vc_column][vc_column_text]<\/p>\n<h2 style=\"text-align: center;\">Why choosing our restaurant in laffrey ? The view<\/h2>\n<p>[\/vc_column_text][vc_separator color=&#8221;custom&#8221; border_width=&#8221;6&#8243; el_width=&#8221;10&#8243; accent_color=&#8221;#61d007&#8243;][vc_empty_space height=&#8221;5px&#8221;][vc_row_inner][vc_column_inner width=&#8221;1\/2&#8243;][vc_column_text]The restaurant is known in Laffrey for its amazing and unique view on the &#8220;Grand Serre&#8221;\u00a0<a href=\"https:\/\/www.aupredulac.eu\/camping-montagne-alpes\/\">mountain<\/a>. From the terrace, you can admire the beautiful view in a privileged environment.Just next to the lake, you could sit at the sunny terrace with a capacity of 60 covers; and enjoy a lunch or a dinner with serenity.<\/p>\n<p>You could also appreciate the private beach and let the children play open air. A pontoon for the fishermen is at your disposal.<\/p>\n<p>Inside, the restaurant has a capacity of 45 covers and welcomes you in a cosy and family atmosphere for a nice moment with family or friends.[\/vc_column_text][\/vc_column_inner][vc_column_inner width=&#8221;1\/2&#8243;][vc_single_image image=&#8221;10997&#8243; img_size=&#8221;full&#8221;][\/vc_column_inner][\/vc_row_inner][\/vc_column][\/vc_row][vc_row el_id=&#8221;les-produits&#8221;][vc_column][vc_column_text]<\/p>\n<h2 style=\"text-align: center;\">Why choosing our restaurant in Laffrey ? The products<\/h2>\n<p>[\/vc_column_text][vc_separator color=&#8221;custom&#8221; border_width=&#8221;6&#8243; el_width=&#8221;10&#8243; accent_color=&#8221;#61d007&#8243;][vc_empty_space height=&#8221;5px&#8221;][vc_row_inner][vc_column_inner width=&#8221;1\/4&#8243;][\/vc_column_inner][vc_column_inner width=&#8221;1\/2&#8243;][vc_single_image image=&#8221;3418&#8243; img_size=&#8221;full&#8221; alignment=&#8221;center&#8221;][\/vc_column_inner][vc_column_inner width=&#8221;1\/4&#8243;][\/vc_column_inner][\/vc_row_inner][vc_row_inner][vc_column_inner width=&#8221;1\/2&#8243;][vc_column_text]Thank\u2019s to a professional team, the restaurant, will seduce you with its gourmet cuisine made of fresh and local products. The matheysin plateau is plentiful of delicious products. The team is choosing, weekly, the best products from the region for you to spend a great moment! The menu is often composed of Fruits, vegetables, cold meats, fresh fishes&#8230; it\u2019s a mix between tradition and modernity.[\/vc_column_text][\/vc_column_inner][vc_column_inner width=&#8221;1\/2&#8243;][vc_column_text]All along the year, we are speaking with our suppliers, and paying attention to select the local products according to the seasons. The restaurant based at the Laffrey Lake, will propose you every day, a chef suggestion and slate menus, with fair prices. The team can also cook menus for kids.[\/vc_column_text][\/vc_column_inner][\/vc_row_inner][\/vc_column][\/vc_row][vc_row full_width=&#8221;stretch_row&#8221; css=&#8221;.vc_custom_1523618378356{background-color: #f0f0f1 !important;}&#8221; el_id=&#8221;pourquoi-service&#8221;][vc_column][vc_column_text]<\/p>\n<h2 style=\"text-align: center;\">Why choosing our restaurant in Laffrey ?The service<\/h2>\n<p>[\/vc_column_text][vc_separator color=&#8221;custom&#8221; border_width=&#8221;6&#8243; el_width=&#8221;10&#8243; accent_color=&#8221;#61d007&#8243;][vc_empty_space height=&#8221;5px&#8221;][vc_row_inner][vc_column_inner width=&#8221;1\/2&#8243;][vc_column_text]You will be welcome in an idyllic location by a warm and professional team. You could enjoy the inventive and traditional cuisine served by a staff available to bring you comfort and satisfaction. The different spaces and rooms of the restaurant are available for large family meals, birthday parties or groups of hikers. Don\u2019t forget to book in the best restaurant on the Laffrey lake!<\/p>\n<p>The modern equipment of the restaurant allows access for people with reduced mobility and wheelchair. Enclosed and playful spaces allow children to go play to prolong this convivial moment. Free Wi-Fi access allows guests to view all tourist activities, accommodations and attractions in the area for a relaxing holiday. Self-service access to tourist information is available to guests. The restaurant has a private parking for its customers exclusively. The restaurant accepts the means of payment: CB, checks and holiday vouchers.[\/vc_column_text][\/vc_column_inner][vc_column_inner width=&#8221;1\/2&#8243;][vc_single_image image=&#8221;11144&#8243; img_size=&#8221;large&#8221;][\/vc_column_inner][\/vc_row_inner][vc_row_inner][vc_column_inner width=&#8221;1\/2&#8243;][vc_column_text]To spend an unforgettable holiday in <a href=\"\/camping-isere\/\">our region<\/a>, at the edge of the beautiful lake of Laffrey, the restaurant \u201cAu Pr\u00e9 du Lac\u201d and its team are waiting for you to spend a friendly and warm moment in a majestic environment. Rest, sports holidays or family relaxation, the restaurant opens its doors every day for lunch and dinner during the summer (closed on Tuesdays and Wednesdays the rest of the year) for you to discover and enjoy the best of the Matheysin plateau and its surroundings.[\/vc_column_text][\/vc_column_inner][vc_column_inner width=&#8221;1\/2&#8243;][vc_column_text]For all bookings or questions, contact us by phone: +33 (0) 4 76 83 91 34 or by email at restaurant@aupresdulac.eu. We are up to answer you from 11h to 23h. Don\u2019t hesitate to visit us and come to enjoy our specialties.[\/vc_column_text][\/vc_column_inner][\/vc_row_inner][\/vc_column][\/vc_row][vc_row full_width=&#8221;stretch_row&#8221; css=&#8221;.vc_custom_1523619876173{background-color: #ffffff !important;}&#8221; el_id=&#8221;produits-locaux&#8221;][vc_column][vc_column_text]<\/p>\n<h2 style=\"text-align: center;\">Our local products from the Mathesin plateau<\/h2>\n<p>[\/vc_column_text][vc_separator color=&#8221;custom&#8221; border_width=&#8221;6&#8243; el_width=&#8221;10&#8243; accent_color=&#8221;#61d007&#8243;][vc_row_inner][vc_column_inner width=&#8221;1\/6&#8243;][\/vc_column_inner][vc_column_inner width=&#8221;2\/3&#8243;][vc_column_text]The majority of our cuisine is made with local products:<\/p>\n<p>The Cold meats\u00a0come from\u00a0<strong><em>MOTTE VIANDE<\/em><\/strong>\u00a0(Christian Boudes 04 76 30 88 56 <a href=\"http:\/\/www.christianboudes.com\/\">website<\/a>) in la Mure.<\/p>\n<p>Fruits and vegetables come from\u00a0<em><strong>NONO PRIMEUR and LES JARDINS DU BEAUMONT.<\/strong><\/em><\/p>\n<p>The BIO cheese\u00a0from the <b>FROMAGERIE DES ALPES located in Laffrey.<\/b><\/p>\n<p>We favor fresh and wild fish from the region; the fishing one.<\/p>\n<p>You could also taste an artisanal draft beer from the <em><strong>BRASSERIE MATHEYSINE <\/strong><\/em>produced in Nantes en Rattier (<a href=\"tel:+33684354383\">06 84 35 43 83<\/a>).[\/vc_column_text][\/vc_column_inner][vc_column_inner width=&#8221;1\/6&#8243;][\/vc_column_inner][\/vc_row_inner][\/vc_column][\/vc_row][vc_row full_width=&#8221;stretch_row&#8221; css=&#8221;.vc_custom_1523623504127{background-color: #f0f0f1 !important;}&#8221; el_id=&#8221;galerie-restaurant&#8221;][vc_column][vc_empty_space height=&#8221;10px&#8221;][vc_column_text]<\/p>\n<h2 style=\"text-align: center;\"><strong>An overview of our restaurant and some of our meals<\/strong><\/h2>\n<p>[\/vc_column_text][vc_separator color=&#8221;custom&#8221; border_width=&#8221;6&#8243; el_width=&#8221;10&#8243; accent_color=&#8221;#61d007&#8243;][vc_gallery type=&#8221;image_grid&#8221; images=&#8221;11147,11150,11153,11033,11036,11003,11006,11009,11012,11015,11018,11021,11024,11027&#8243; img_size=&#8221;380&#215;380&#8243;][\/vc_column][\/vc_row]<\/p>\n","protected":false},"excerpt":{"rendered":"<p>[vc_row full_width=&#8221;stretch_row&#8221; parallax=&#8221;content-moving&#8221; parallax_image=&#8221;3410&#8243;][vc_column][vc_empty_space height=&#8221;200px&#8221;][\/vc_column][\/vc_row][vc_row el_id=&#8221;titre&#8221;][vc_column][vc_empty_space height=&#8221;10px&#8221;][vc_column_text el_class=&#8221;titreHome&#8221;] Laffrey Restaurant\u00a0 [\/vc_column_text][vc_separator color=&#8221;custom&#8221; border_width=&#8221;6&#8243; el_width=&#8221;10&#8243; accent_color=&#8221;#61d007&#8243;][vc_empty_space height=&#8221;10px&#8221;][\/vc_column][\/vc_row][vc_row el_id=&#8221;presentation&#8221;][vc_column][vc_row_inner el_id=&#8221;ligne-1&#8243;][vc_column_inner width=&#8221;1\/2&#8243;][vc_column_text]Located beside the wonderful laffrey lake, come to<span class=\"excerpt-hellip\"> [\u2026]<\/span><\/p>\n","protected":false},"author":1,"featured_media":0,"parent":0,"menu_order":0,"comment_status":"closed","ping_status":"closed","template":"","meta":[],"yoast_head":"<!-- This site is optimized with the Yoast SEO plugin v19.4 - https:\/\/yoast.com\/wordpress\/plugins\/seo\/ -->\n<title>Restaurant Laffrey - &quot;Au Pr\u00e9 du Lac&quot; - Camping *** \u00e0 Laffrey<\/title>\n<meta name=\"description\" content=\"Ce restaurant \u00e0 Laffrey vous propose une carte \u00e9labor\u00e9e avec des produits frais. Au d\u00e9tour d&#039;une balade au bord du lac, pour une soir\u00e9e entre amis ou en famille, prenez place dans un cadre exceptionnel au bord du lac.\" \/>\n<meta name=\"robots\" content=\"index, follow, max-snippet:-1, max-image-preview:large, max-video-preview:-1\" \/>\n<link rel=\"canonical\" href=\"https:\/\/www.aupredulac.eu\/restaurant-laffrey\/\" \/>\n<meta property=\"og:locale\" content=\"en_US\" \/>\n<meta property=\"og:type\" content=\"article\" \/>\n<meta property=\"og:title\" content=\"Restaurant Laffrey - &quot;Au Pr\u00e9 du Lac&quot; - Camping *** \u00e0 Laffrey\" \/>\n<meta property=\"og:description\" content=\"Ce restaurant \u00e0 Laffrey vous propose une carte \u00e9labor\u00e9e avec des produits frais. Au d\u00e9tour d&#039;une balade au bord du lac, pour une soir\u00e9e entre amis ou en famille, prenez place dans un cadre exceptionnel au bord du lac.\" \/>\n<meta property=\"og:url\" content=\"https:\/\/www.aupredulac.eu\/restaurant-laffrey\/\" \/>\n<meta property=\"og:site_name\" content=\"Au pre du Lac - Camping\" \/>\n<meta property=\"article:modified_time\" content=\"2025-12-09T13:54:58+00:00\" \/>\n<meta name=\"twitter:card\" content=\"summary_large_image\" \/>\n<meta name=\"twitter:label1\" content=\"Est. reading time\" \/>\n\t<meta name=\"twitter:data1\" content=\"6 minutes\" \/>\n<script type=\"application\/ld+json\" class=\"yoast-schema-graph\">{\"@context\":\"https:\/\/schema.org\",\"@graph\":[{\"@type\":\"WebSite\",\"@id\":\"https:\/\/www.aupredulac.eu\/#website\",\"url\":\"https:\/\/www.aupredulac.eu\/\",\"name\":\"Au pre du Lac - Camping\",\"description\":\"\",\"potentialAction\":[{\"@type\":\"SearchAction\",\"target\":{\"@type\":\"EntryPoint\",\"urlTemplate\":\"https:\/\/www.aupredulac.eu\/?s={search_term_string}\"},\"query-input\":\"required name=search_term_string\"}],\"inLanguage\":\"en-US\"},{\"@type\":\"WebPage\",\"@id\":\"https:\/\/www.aupredulac.eu\/restaurant-laffrey\/\",\"url\":\"https:\/\/www.aupredulac.eu\/restaurant-laffrey\/\",\"name\":\"Restaurant Laffrey - \\\"Au Pr\u00e9 du Lac\\\" - Camping *** \u00e0 Laffrey\",\"isPartOf\":{\"@id\":\"https:\/\/www.aupredulac.eu\/#website\"},\"datePublished\":\"2018-01-08T13:11:23+00:00\",\"dateModified\":\"2025-12-09T13:54:58+00:00\",\"description\":\"Ce restaurant \u00e0 Laffrey vous propose une carte \u00e9labor\u00e9e avec des produits frais. Au d\u00e9tour d'une balade au bord du lac, pour une soir\u00e9e entre amis ou en famille, prenez place dans un cadre exceptionnel au bord du lac.\",\"breadcrumb\":{\"@id\":\"https:\/\/www.aupredulac.eu\/restaurant-laffrey\/#breadcrumb\"},\"inLanguage\":\"en-US\",\"potentialAction\":[{\"@type\":\"ReadAction\",\"target\":[\"https:\/\/www.aupredulac.eu\/restaurant-laffrey\/\"]}]},{\"@type\":\"BreadcrumbList\",\"@id\":\"https:\/\/www.aupredulac.eu\/restaurant-laffrey\/#breadcrumb\",\"itemListElement\":[{\"@type\":\"ListItem\",\"position\":1,\"name\":\"Accueil\",\"item\":\"https:\/\/www.aupredulac.eu\/en\/\"},{\"@type\":\"ListItem\",\"position\":2,\"name\":\"The Restaurant (EN)\"}]}]}<\/script>\n<!-- \/ Yoast SEO plugin. -->","yoast_head_json":{"title":"Restaurant Laffrey - \"Au Pr\u00e9 du Lac\" - Camping *** \u00e0 Laffrey","description":"Ce restaurant \u00e0 Laffrey vous propose une carte \u00e9labor\u00e9e avec des produits frais. Au d\u00e9tour d'une balade au bord du lac, pour une soir\u00e9e entre amis ou en famille, prenez place dans un cadre exceptionnel au bord du lac.","robots":{"index":"index","follow":"follow","max-snippet":"max-snippet:-1","max-image-preview":"max-image-preview:large","max-video-preview":"max-video-preview:-1"},"canonical":"https:\/\/www.aupredulac.eu\/restaurant-laffrey\/","og_locale":"en_US","og_type":"article","og_title":"Restaurant Laffrey - \"Au Pr\u00e9 du Lac\" - Camping *** \u00e0 Laffrey","og_description":"Ce restaurant \u00e0 Laffrey vous propose une carte \u00e9labor\u00e9e avec des produits frais. Au d\u00e9tour d'une balade au bord du lac, pour une soir\u00e9e entre amis ou en famille, prenez place dans un cadre exceptionnel au bord du lac.","og_url":"https:\/\/www.aupredulac.eu\/restaurant-laffrey\/","og_site_name":"Au pre du Lac - Camping","article_modified_time":"2025-12-09T13:54:58+00:00","twitter_card":"summary_large_image","twitter_misc":{"Est. reading time":"6 minutes"},"schema":{"@context":"https:\/\/schema.org","@graph":[{"@type":"WebSite","@id":"https:\/\/www.aupredulac.eu\/#website","url":"https:\/\/www.aupredulac.eu\/","name":"Au pre du Lac - Camping","description":"","potentialAction":[{"@type":"SearchAction","target":{"@type":"EntryPoint","urlTemplate":"https:\/\/www.aupredulac.eu\/?s={search_term_string}"},"query-input":"required name=search_term_string"}],"inLanguage":"en-US"},{"@type":"WebPage","@id":"https:\/\/www.aupredulac.eu\/restaurant-laffrey\/","url":"https:\/\/www.aupredulac.eu\/restaurant-laffrey\/","name":"Restaurant Laffrey - \"Au Pr\u00e9 du Lac\" - Camping *** \u00e0 Laffrey","isPartOf":{"@id":"https:\/\/www.aupredulac.eu\/#website"},"datePublished":"2018-01-08T13:11:23+00:00","dateModified":"2025-12-09T13:54:58+00:00","description":"Ce restaurant \u00e0 Laffrey vous propose une carte \u00e9labor\u00e9e avec des produits frais. Au d\u00e9tour d'une balade au bord du lac, pour une soir\u00e9e entre amis ou en famille, prenez place dans un cadre exceptionnel au bord du lac.","breadcrumb":{"@id":"https:\/\/www.aupredulac.eu\/restaurant-laffrey\/#breadcrumb"},"inLanguage":"en-US","potentialAction":[{"@type":"ReadAction","target":["https:\/\/www.aupredulac.eu\/restaurant-laffrey\/"]}]},{"@type":"BreadcrumbList","@id":"https:\/\/www.aupredulac.eu\/restaurant-laffrey\/#breadcrumb","itemListElement":[{"@type":"ListItem","position":1,"name":"Accueil","item":"https:\/\/www.aupredulac.eu\/en\/"},{"@type":"ListItem","position":2,"name":"The Restaurant (EN)"}]}]}},"_links":{"self":[{"href":"https:\/\/www.aupredulac.eu\/en\/wp-json\/wp\/v2\/pages\/3715"}],"collection":[{"href":"https:\/\/www.aupredulac.eu\/en\/wp-json\/wp\/v2\/pages"}],"about":[{"href":"https:\/\/www.aupredulac.eu\/en\/wp-json\/wp\/v2\/types\/page"}],"author":[{"embeddable":true,"href":"https:\/\/www.aupredulac.eu\/en\/wp-json\/wp\/v2\/users\/1"}],"replies":[{"embeddable":true,"href":"https:\/\/www.aupredulac.eu\/en\/wp-json\/wp\/v2\/comments?post=3715"}],"version-history":[{"count":9,"href":"https:\/\/www.aupredulac.eu\/en\/wp-json\/wp\/v2\/pages\/3715\/revisions"}],"predecessor-version":[{"id":14595,"href":"https:\/\/www.aupredulac.eu\/en\/wp-json\/wp\/v2\/pages\/3715\/revisions\/14595"}],"wp:attachment":[{"href":"https:\/\/www.aupredulac.eu\/en\/wp-json\/wp\/v2\/media?parent=3715"}],"curies":[{"name":"wp","href":"https:\/\/api.w.org\/{rel}","templated":true}]}}