{"id":3692,"date":"2018-01-08T13:56:45","date_gmt":"2018-01-08T12:56:45","guid":{"rendered":"http:\/\/www.aupredulac.eu\/contact\/"},"modified":"2018-06-06T13:43:42","modified_gmt":"2018-06-06T11:43:42","slug":"contact","status":"publish","type":"page","link":"https:\/\/www.aupredulac.eu\/en\/contact\/","title":{"rendered":"Contact (EN)"},"content":{"rendered":"<p>[vc_row full_width=&#8221;stretch_row_content_no_spaces&#8221; css=&#8221;.vc_custom_1517580896529{margin-top: -30px !important;}&#8221;][vc_column]<script>function google_maps_69f5edc2cd8df(){var latlng = new google.maps.LatLng(45.000073,5.774064);var draggable = true;var myOptions = {zoom\t\t\t\t: 15,center\t\t\t\t: latlng,mapTypeId\t\t\t: google.maps.MapTypeId.HYBRID,draggable\t\t\t: draggable,zoomControl\t\t\t: true,mapTypeControl\t\t: true,streetViewControl\t: true,scrollwheel\t\t\t: false};var map = new google.maps.Map(document.getElementById(\"google-map-area-69f5edc2cd8df\"), myOptions);var marker = new google.maps.Marker({position\t\t\t: latlng,map\t\t\t\t\t: map});}jQuery(document).ready(function($){google_maps_69f5edc2cd8df();});<\/script>\n<div class=\"google-map-wrapper no_border\"><div class=\"google-map\" id=\"google-map-area-69f5edc2cd8df\" style=\"width:100%; height:550px;\">&nbsp;<\/div><\/div>\n[\/vc_column][\/vc_row][vc_row full_width=&#8221;stretch_row&#8221; css=&#8221;.vc_custom_1523629690695{background-color: #ffffff !important;}&#8221;][vc_column][vc_empty_space height=&#8221;10px&#8221;][vc_column_text]<\/p>\n<h2 style=\"text-align: center;\">Contact<\/h2>\n<p>[\/vc_column_text][vc_separator color=&#8221;custom&#8221; border_width=&#8221;6&#8243; el_width=&#8221;10&#8243; accent_color=&#8221;#61d007&#8243;][vc_empty_space height=&#8221;5px&#8221;][\/vc_column][\/vc_row][vc_row full_width=&#8221;stretch_row&#8221; gap=&#8221;10&#8243; css=&#8221;.vc_custom_1523629718625{background-color: #f0f0f1 !important;}&#8221; el_id=&#8221;info&#8221;][vc_column css_animation=&#8221;none&#8221; width=&#8221;1\/2&#8243;][vc_column_text el_class=&#8221;blocContact&#8221;]<\/p>\n<h3>CAMPSITE<\/h3>\n<p><strong>Campsite Au Pr\u00e9 du Lac<\/strong><br \/>\n38119 Petichet, Rhone-Alpes, France<\/p>\n<p>Tel : <a href=\"tel:+33476839134\">\u00a0+33(0)4 76 83 91 34<\/a><\/p>\n<p>Mail : info@aupresdulac.eu[\/vc_column_text][vc_empty_space height=&#8221;5px&#8221;][vc_column_text el_class=&#8221;blocContact&#8221;]<\/p>\n<h3>RESTAURANT<\/h3>\n<p><b>Restaurant Au Pr\u00e9 du Lac<\/b><br \/>\n38119 Petichet, Rhone-Alpes, France<\/p>\n<p>Tel : <a href=\"tel:+33476839134\">\u00a0+33(0)4 76 83 91 34<\/a><\/p>\n<p>Mail : contact@aupresdulac.eu[\/vc_column_text][\/vc_column][vc_column css_animation=&#8221;none&#8221; width=&#8221;1\/2&#8243;][vc_column_text]Use the form below for any question about the campsite or restaurant:[\/vc_column_text]\n<div class=\"wpcf7 no-js\" id=\"wpcf7-f4017-o1\" lang=\"fr-FR\" dir=\"ltr\">\n<div class=\"screen-reader-response\"><p role=\"status\" aria-live=\"polite\" aria-atomic=\"true\"><\/p> <ul><\/ul><\/div>\n<form action=\"\/en\/wp-json\/wp\/v2\/pages\/3692#wpcf7-f4017-o1\" method=\"post\" class=\"wpcf7-form init\" aria-label=\"Formulaire de contact\" novalidate=\"novalidate\" data-status=\"init\">\n<div style=\"display: none;\">\n<input type=\"hidden\" name=\"_wpcf7\" value=\"4017\" \/>\n<input type=\"hidden\" name=\"_wpcf7_version\" value=\"5.7.5.1\" \/>\n<input type=\"hidden\" name=\"_wpcf7_locale\" value=\"fr_FR\" \/>\n<input type=\"hidden\" name=\"_wpcf7_unit_tag\" value=\"wpcf7-f4017-o1\" \/>\n<input type=\"hidden\" name=\"_wpcf7_container_post\" value=\"0\" \/>\n<input type=\"hidden\" name=\"_wpcf7_posted_data_hash\" value=\"\" \/>\n<input type=\"hidden\" name=\"_wpcf7_recaptcha_response\" value=\"\" \/>\n<\/div>\n<p><label> Who do you want to send your message to?<br \/>\n<span class=\"wpcf7-form-control-wrap\" data-name=\"camping-restaurant\"><select class=\"wpcf7-form-control wpcf7-select\" aria-invalid=\"false\" name=\"camping-restaurant\"><option value=\"\">&#8212;Veuillez choisir une option&#8212;<\/option><option value=\"Camping\">Camping<\/option><option value=\"Restaurant\">Restaurant<\/option><\/select><\/span><\/label>\n<\/p>\n<p><label> First Name \/ Last Name<br \/>\n<span class=\"wpcf7-form-control-wrap\" data-name=\"your-name\"><input size=\"40\" class=\"wpcf7-form-control wpcf7-text wpcf7-validates-as-required\" aria-required=\"true\" aria-invalid=\"false\" value=\"\" type=\"text\" name=\"your-name\" \/><\/span> <\/label>\n<\/p>\n<p><label> Email<br \/>\n<span class=\"wpcf7-form-control-wrap\" data-name=\"your-email\"><input size=\"40\" class=\"wpcf7-form-control wpcf7-text wpcf7-email wpcf7-validates-as-required wpcf7-validates-as-email\" aria-required=\"true\" aria-invalid=\"false\" value=\"\" type=\"email\" name=\"your-email\" \/><\/span> <\/label>\n<\/p>\n<p><label> Subject<br \/>\n<span class=\"wpcf7-form-control-wrap\" data-name=\"your-subject\"><input size=\"40\" class=\"wpcf7-form-control wpcf7-text wpcf7-validates-as-required\" aria-required=\"true\" aria-invalid=\"false\" value=\"\" type=\"text\" name=\"your-subject\" \/><\/span> <\/label>\n<\/p>\n<p><label> Message<br \/>\n<span class=\"wpcf7-form-control-wrap\" data-name=\"your-message\"><textarea cols=\"40\" rows=\"10\" class=\"wpcf7-form-control wpcf7-textarea wpcf7-validates-as-required\" aria-required=\"true\" aria-invalid=\"false\" name=\"your-message\"><\/textarea><\/span> <\/label><br \/>\n\n<\/p>\n<p><input class=\"wpcf7-form-control has-spinner wpcf7-submit\" type=\"submit\" value=\"Envoyer\" \/>\n<\/p><p style=\"display: none !important;\" class=\"akismet-fields-container\" data-prefix=\"_wpcf7_ak_\"><label>&#916;<textarea name=\"_wpcf7_ak_hp_textarea\" cols=\"45\" rows=\"8\" maxlength=\"100\"><\/textarea><\/label><input type=\"hidden\" id=\"ak_js_1\" name=\"_wpcf7_ak_js\" value=\"120\"\/><script type=\"text\/javascript\">\ndocument.getElementById( \"ak_js_1\" ).setAttribute( \"value\", ( new Date() ).getTime() );\n<\/script>\n<\/p><div class=\"wpcf7-response-output\" aria-hidden=\"true\"><\/div>\n<\/form>\n<\/div>\n[\/vc_column][\/vc_row]<\/p>\n","protected":false},"excerpt":{"rendered":"<p>[vc_row full_width=&#8221;stretch_row_content_no_spaces&#8221; css=&#8221;.vc_custom_1517580896529{margin-top: -30px !important;}&#8221;][vc_column][\/vc_column][\/vc_row][vc_row full_width=&#8221;stretch_row&#8221; css=&#8221;.vc_custom_1523629690695{background-color: #ffffff !important;}&#8221;][vc_column][vc_empty_space height=&#8221;10px&#8221;][vc_column_text] Contact [\/vc_column_text][vc_separator color=&#8221;custom&#8221; border_width=&#8221;6&#8243; el_width=&#8221;10&#8243; accent_color=&#8221;#61d007&#8243;][vc_empty_space height=&#8221;5px&#8221;][\/vc_column][\/vc_row][vc_row full_width=&#8221;stretch_row&#8221; gap=&#8221;10&#8243; css=&#8221;.vc_custom_1523629718625{background-color: #f0f0f1 !important;}&#8221; el_id=&#8221;info&#8221;][vc_column css_animation=&#8221;none&#8221; width=&#8221;1\/2&#8243;][vc_column_text el_class=&#8221;blocContact&#8221;]<span class=\"excerpt-hellip\"> [\u2026]<\/span><\/p>\n","protected":false},"author":1,"featured_media":0,"parent":0,"menu_order":0,"comment_status":"closed","ping_status":"closed","template":"","meta":[],"yoast_head":"<!-- This site is optimized with the Yoast SEO plugin v19.4 - https:\/\/yoast.com\/wordpress\/plugins\/seo\/ -->\n<title>Contact - &quot;Au Pr\u00e9 du Lac&quot; - Camping *** \u00e0 Laffrey, Is\u00e8re<\/title>\n<meta name=\"description\" content=\"N&#039;h\u00e9sitez pas \u00e0 nous contacter pour toutes questions concernant le camping ou le restaurant via le formulaire ou par t\u00e9l\u00e9phone au 04 76 83 91 34.\" \/>\n<meta name=\"robots\" content=\"index, follow, max-snippet:-1, max-image-preview:large, max-video-preview:-1\" \/>\n<link rel=\"canonical\" href=\"https:\/\/www.aupredulac.eu\/en\/contact\/\" \/>\n<meta property=\"og:locale\" content=\"en_US\" \/>\n<meta property=\"og:type\" content=\"article\" \/>\n<meta property=\"og:title\" content=\"Contact - &quot;Au Pr\u00e9 du Lac&quot; - Camping *** \u00e0 Laffrey, Is\u00e8re\" \/>\n<meta property=\"og:description\" content=\"N&#039;h\u00e9sitez pas \u00e0 nous contacter pour toutes questions concernant le camping ou le restaurant via le formulaire ou par t\u00e9l\u00e9phone au 04 76 83 91 34.\" \/>\n<meta property=\"og:url\" content=\"https:\/\/www.aupredulac.eu\/en\/contact\/\" \/>\n<meta property=\"og:site_name\" content=\"Au pre du Lac - Camping\" \/>\n<meta property=\"article:modified_time\" content=\"2018-06-06T11:43:42+00:00\" \/>\n<meta name=\"twitter:card\" content=\"summary_large_image\" \/>\n<meta name=\"twitter:label1\" content=\"Est. reading time\" \/>\n\t<meta name=\"twitter:data1\" content=\"1 minute\" \/>\n<script type=\"application\/ld+json\" class=\"yoast-schema-graph\">{\"@context\":\"https:\/\/schema.org\",\"@graph\":[{\"@type\":\"WebSite\",\"@id\":\"https:\/\/www.aupredulac.eu\/#website\",\"url\":\"https:\/\/www.aupredulac.eu\/\",\"name\":\"Au pre du Lac - Camping\",\"description\":\"\",\"potentialAction\":[{\"@type\":\"SearchAction\",\"target\":{\"@type\":\"EntryPoint\",\"urlTemplate\":\"https:\/\/www.aupredulac.eu\/?s={search_term_string}\"},\"query-input\":\"required name=search_term_string\"}],\"inLanguage\":\"en-US\"},{\"@type\":\"WebPage\",\"@id\":\"https:\/\/www.aupredulac.eu\/en\/contact\/\",\"url\":\"https:\/\/www.aupredulac.eu\/en\/contact\/\",\"name\":\"Contact - \\\"Au Pr\u00e9 du Lac\\\" - Camping *** \u00e0 Laffrey, Is\u00e8re\",\"isPartOf\":{\"@id\":\"https:\/\/www.aupredulac.eu\/#website\"},\"datePublished\":\"2018-01-08T12:56:45+00:00\",\"dateModified\":\"2018-06-06T11:43:42+00:00\",\"description\":\"N'h\u00e9sitez pas \u00e0 nous contacter pour toutes questions concernant le camping ou le restaurant via le formulaire ou par t\u00e9l\u00e9phone au 04 76 83 91 34.\",\"breadcrumb\":{\"@id\":\"https:\/\/www.aupredulac.eu\/en\/contact\/#breadcrumb\"},\"inLanguage\":\"en-US\",\"potentialAction\":[{\"@type\":\"ReadAction\",\"target\":[\"https:\/\/www.aupredulac.eu\/en\/contact\/\"]}]},{\"@type\":\"BreadcrumbList\",\"@id\":\"https:\/\/www.aupredulac.eu\/en\/contact\/#breadcrumb\",\"itemListElement\":[{\"@type\":\"ListItem\",\"position\":1,\"name\":\"Accueil\",\"item\":\"https:\/\/www.aupredulac.eu\/en\/\"},{\"@type\":\"ListItem\",\"position\":2,\"name\":\"Contact (EN)\"}]}]}<\/script>\n<!-- \/ Yoast SEO plugin. -->","yoast_head_json":{"title":"Contact - \"Au Pr\u00e9 du Lac\" - Camping *** \u00e0 Laffrey, Is\u00e8re","description":"N'h\u00e9sitez pas \u00e0 nous contacter pour toutes questions concernant le camping ou le restaurant via le formulaire ou par t\u00e9l\u00e9phone au 04 76 83 91 34.","robots":{"index":"index","follow":"follow","max-snippet":"max-snippet:-1","max-image-preview":"max-image-preview:large","max-video-preview":"max-video-preview:-1"},"canonical":"https:\/\/www.aupredulac.eu\/en\/contact\/","og_locale":"en_US","og_type":"article","og_title":"Contact - \"Au Pr\u00e9 du Lac\" - Camping *** \u00e0 Laffrey, Is\u00e8re","og_description":"N'h\u00e9sitez pas \u00e0 nous contacter pour toutes questions concernant le camping ou le restaurant via le formulaire ou par t\u00e9l\u00e9phone au 04 76 83 91 34.","og_url":"https:\/\/www.aupredulac.eu\/en\/contact\/","og_site_name":"Au pre du Lac - Camping","article_modified_time":"2018-06-06T11:43:42+00:00","twitter_card":"summary_large_image","twitter_misc":{"Est. reading time":"1 minute"},"schema":{"@context":"https:\/\/schema.org","@graph":[{"@type":"WebSite","@id":"https:\/\/www.aupredulac.eu\/#website","url":"https:\/\/www.aupredulac.eu\/","name":"Au pre du Lac - Camping","description":"","potentialAction":[{"@type":"SearchAction","target":{"@type":"EntryPoint","urlTemplate":"https:\/\/www.aupredulac.eu\/?s={search_term_string}"},"query-input":"required name=search_term_string"}],"inLanguage":"en-US"},{"@type":"WebPage","@id":"https:\/\/www.aupredulac.eu\/en\/contact\/","url":"https:\/\/www.aupredulac.eu\/en\/contact\/","name":"Contact - \"Au Pr\u00e9 du Lac\" - Camping *** \u00e0 Laffrey, Is\u00e8re","isPartOf":{"@id":"https:\/\/www.aupredulac.eu\/#website"},"datePublished":"2018-01-08T12:56:45+00:00","dateModified":"2018-06-06T11:43:42+00:00","description":"N'h\u00e9sitez pas \u00e0 nous contacter pour toutes questions concernant le camping ou le restaurant via le formulaire ou par t\u00e9l\u00e9phone au 04 76 83 91 34.","breadcrumb":{"@id":"https:\/\/www.aupredulac.eu\/en\/contact\/#breadcrumb"},"inLanguage":"en-US","potentialAction":[{"@type":"ReadAction","target":["https:\/\/www.aupredulac.eu\/en\/contact\/"]}]},{"@type":"BreadcrumbList","@id":"https:\/\/www.aupredulac.eu\/en\/contact\/#breadcrumb","itemListElement":[{"@type":"ListItem","position":1,"name":"Accueil","item":"https:\/\/www.aupredulac.eu\/en\/"},{"@type":"ListItem","position":2,"name":"Contact (EN)"}]}]}},"_links":{"self":[{"href":"https:\/\/www.aupredulac.eu\/en\/wp-json\/wp\/v2\/pages\/3692"}],"collection":[{"href":"https:\/\/www.aupredulac.eu\/en\/wp-json\/wp\/v2\/pages"}],"about":[{"href":"https:\/\/www.aupredulac.eu\/en\/wp-json\/wp\/v2\/types\/page"}],"author":[{"embeddable":true,"href":"https:\/\/www.aupredulac.eu\/en\/wp-json\/wp\/v2\/users\/1"}],"replies":[{"embeddable":true,"href":"https:\/\/www.aupredulac.eu\/en\/wp-json\/wp\/v2\/comments?post=3692"}],"version-history":[{"count":3,"href":"https:\/\/www.aupredulac.eu\/en\/wp-json\/wp\/v2\/pages\/3692\/revisions"}],"predecessor-version":[{"id":4347,"href":"https:\/\/www.aupredulac.eu\/en\/wp-json\/wp\/v2\/pages\/3692\/revisions\/4347"}],"wp:attachment":[{"href":"https:\/\/www.aupredulac.eu\/en\/wp-json\/wp\/v2\/media?parent=3692"}],"curies":[{"name":"wp","href":"https:\/\/api.w.org\/{rel}","templated":true}]}}