{"id":3685,"date":"2018-02-08T10:36:53","date_gmt":"2018-02-08T09:36:53","guid":{"rendered":"http:\/\/www.aupredulac.eu\/camping-route-napoleon\/"},"modified":"2018-06-06T14:23:00","modified_gmt":"2018-06-06T12:23:00","slug":"camping-route-napoleon","status":"publish","type":"page","link":"https:\/\/www.aupredulac.eu\/en\/camping-route-napoleon\/","title":{"rendered":"The Napoleon Road (EN)"},"content":{"rendered":"<p>[vc_row full_width=&#8221;stretch_row&#8221; parallax=&#8221;content-moving&#8221; parallax_image=&#8221;3397&#8243; el_id=&#8221;parallax&#8221;][vc_column][vc_empty_space height=&#8221;200px&#8221;][\/vc_column][\/vc_row][vc_row css=&#8221;.vc_custom_1523629866515{margin-top: -80px !important;background-color: #61d007 !important;}&#8221; el_id=&#8221;resa&#8221;][vc_column width=&#8221;1\/2&#8243; css=&#8221;.vc_custom_1523629878456{padding-top: 25px !important;padding-right: 50px !important;padding-bottom: 25px !important;}&#8221;][vc_column_text el_id=&#8221;texteTop&#8221; css=&#8221;.vc_custom_1528111232219{margin-bottom: 0px !important;}&#8221;]<\/p>\n<p style=\"text-align: right;\"><strong>BOOK NOW<\/strong><\/p>\n<p>[\/vc_column_text][\/vc_column][vc_column width=&#8221;1\/2&#8243; css=&#8221;.vc_custom_1523629873093{margin-top: 0px !important;margin-bottom: 0px !important;padding-top: 25px !important;padding-right: 0px !important;padding-bottom: 25px !important;padding-left: 50px !important;}&#8221;][vc_column_text css=&#8221;.vc_custom_1528111253254{margin-bottom: 0px !important;}&#8221; el_id=&#8221;btnTop&#8221;]<a href=\"https:\/\/campingaupredulac.premium.secureholiday.net\/fr\/1766\/ target=\"><span id=\"texte\">Let&#8217;s go!<\/span><span id=\"fleche\"><img src=\"https:\/\/www.aupredulac.eu\/wp-content\/uploads\/2018\/02\/arrow_right_white.png\" alt=\"fleche\" \/><\/span><\/a>[\/vc_column_text][\/vc_column][\/vc_row][vc_row full_width=&#8221;stretch_row_content&#8221; content_placement=&#8221;top&#8221; css=&#8221;.vc_custom_1523528444663{background-color: #ffffff !important;}&#8221;][vc_column][vc_empty_space height=&#8221;10px&#8221;][vc_column_text el_class=&#8221;titreHome&#8221;]<\/p>\n<h1 style=\"text-align: center;\"><strong>A campsite on the Napoleon road<\/strong><\/h1>\n<p>[\/vc_column_text][vc_separator color=&#8221;custom&#8221; border_width=&#8221;6&#8243; el_width=&#8221;10&#8243; accent_color=&#8221;#61d007&#8243;][\/vc_column][\/vc_row][vc_row full_width=&#8221;stretch_row&#8221; css=&#8221;.vc_custom_1523527730802{background-color: #ffffff !important;}&#8221; el_id=&#8221;temoin-histoire&#8221;][vc_column][vc_column_text el_id=&#8221;histoire&#8221;]<\/p>\n<h2>The napoleon road : the witness of a prestigious history page<\/h2>\n<p>[\/vc_column_text][vc_separator color=&#8221;custom&#8221; align=&#8221;align_left&#8221; border_width=&#8221;6&#8243; el_width=&#8221;10&#8243; accent_color=&#8221;#61d007&#8243;][vc_empty_space height=&#8221;10px&#8221;][vc_row_inner][vc_column_inner width=&#8221;1\/2&#8243;][vc_column_text]Leaving the Elbe Island by surprise, Napoleon, well decided to expulse the bourbons from their throne landed to the \u201cJuan Gulf\u201d on the 1<sup>st<\/sup> of March 1815, wanted to go until Paris as fast as possible. The first goal of the emperor was to cross over the Alps to reach Grenoble, because he wanted to avoid the soldiers in Marseille. He went to Vallauris and then, Gap, the departure point of his journey across the Alps. The procession of Napoleon went to Digne, Sisteron, Corps, and then, at the end of his journey, to the City of Gap. These 300 km from a difficult process was not called the Napoleon road yet. Year 1913, the initiative trades of the related municipalities were fighting to attribute the prestigious name of Napoleon to this route.[\/vc_column_text][\/vc_column_inner][vc_column_inner width=&#8221;1\/2&#8243;][vc_column_text]The First World War delayed the inspection of the file. And finally, it\u2019s in year 1932 that the road Napoleon 85, which takes more or less the way followed by the Emperor, is solemnly baptized \u201cNapoleon Road\u201d. Since that, this touristic itinerary is always taken by the tourists who want to find an accommodation on the Napoleon Road. To guide them on this journey, rich of history, an adapted marking is present. Logos and informations help the visitor to follow as close as possible the way taken by the Emperor. In some places, statues and commemorative plaques will give you more explanations.[\/vc_column_text][\/vc_column_inner][\/vc_row_inner][vc_row_inner el_id=&#8221;ligne-2&#8243;][vc_column_inner width=&#8221;1\/4&#8243;][\/vc_column_inner][vc_column_inner width=&#8221;1\/2&#8243;][vc_single_image image=&#8221;3400&#8243; img_size=&#8221;full&#8221;][\/vc_column_inner][vc_column_inner width=&#8221;1\/4&#8243;][\/vc_column_inner][\/vc_row_inner][\/vc_column][\/vc_row][vc_row full_width=&#8221;stretch_row&#8221; css=&#8221;.vc_custom_1523528398696{background-color: #f0f0f1 !important;}&#8221; el_id=&#8221;trouver-camping&#8221;][vc_column][vc_column_text]<\/p>\n<h2>Find a campsite on the Napoleon road<\/h2>\n<p>[\/vc_column_text][vc_separator color=&#8221;custom&#8221; border_width=&#8221;6&#8243; el_width=&#8221;10&#8243; accent_color=&#8221;#61d007&#8243;][vc_empty_space height=&#8221;10px&#8221;][vc_row_inner][vc_column_inner width=&#8221;1\/2&#8243;][vc_column_text]At every step of this prestigious road, you can find campsites adapted to your expectations. Our campsite \u201cAu pr\u00e9 du lac\u201d will for sure, satisfy your needs. Located in <a href=\"http:\/\/www.saint-theoffrey.fr\/\">saint-Th\u00e9offrey<\/a>, in front of the amazing <a href=\"https:\/\/www.aupredulac.eu\/camping-lac-de-laffrey\/\">lake of Laffrey<\/a>. This municipality is first of all, a place of history about the Napoleon road. It\u2019s here, in the meeting field, that a regiment, sent by Louis XVII got united to the emperor. On his territory, is located now, our Campsite, which will fit to your expectations. Based in a preserved nature, between the forest and the <a href=\"https:\/\/www.aupredulac.eu\/camping-montagne-alpes\/\">mountains<\/a>, this campsite &#8220;Au pr\u00e9 du Lac &#8221; offers you a magnificent view on the \u201c<a href=\"http:\/\/www.alpedugrandserre.info\/\">Alpe du Grand Serre<\/a>\u00a0\u201c.<\/p>\n<p>[\/vc_column_text][vc_column_text]It proposes you, varied sporty and healthy activities. From hiking to biking, but also water sports and scuba diving. For the ones who like fishing, they will enjoy the lake with their different kinds of fish. In this campsite, you have a direct access to the beach. The horseriders can practice their favourite sport, near the camp. Large spots for the tents and camper-vans are at your disposal. Plus, if you prefer to spend holidays in another way, you can also book an accommodation in <a href=\"\/location-mobil-home-grenoble\/\">mobil-home<\/a> or in <a href=\"\/location-chalet-grenoble\/\">cottage<\/a>. The campsite and the restaurant with disabled access can be accessed by people in wheelchairs. The <a href=\"https:\/\/www.aupredulac.eu\/restaurant-laffrey\/\">restaurant<\/a> proposes varied menus and a high quality bar service.[\/vc_column_text][\/vc_column_inner][vc_column_inner width=&#8221;1\/2&#8243;][vc_single_image image=&#8221;3401&#8243; img_size=&#8221;full&#8221;][\/vc_column_inner][\/vc_row_inner][\/vc_column][\/vc_row][vc_row full_width=&#8221;stretch_row&#8221; content_placement=&#8221;middle&#8221; css=&#8221;.vc_custom_1523629826979{background-color: #61d007 !important;}&#8221; el_id=&#8221;resa2&#8243;][vc_column width=&#8221;1\/2&#8243; css=&#8221;.vc_custom_1523629787171{padding-top: 25px !important;padding-right: 50px !important;padding-bottom: 25px !important;}&#8221;][vc_column_text el_id=&#8221;texteTop2&#8243; css=&#8221;.vc_custom_1528111652649{margin-bottom: 0px !important;}&#8221;]<\/p>\n<p style=\"text-align: right;\"><strong>BOOK NOW<\/strong><\/p>\n<p>[\/vc_column_text][\/vc_column][vc_column width=&#8221;1\/2&#8243; css=&#8221;.vc_custom_1523629844589{margin-top: 0px !important;margin-bottom: 0px !important;padding-top: 25px !important;padding-right: 0px !important;padding-bottom: 25px !important;padding-left: 50px !important;}&#8221;][vc_column_text css=&#8221;.vc_custom_1528111637771{margin-bottom: 0px !important;}&#8221; el_id=&#8221;btnTop2&#8243;]<a href=\"https:\/\/campingaupredulac.premium.secureholiday.net\/fr\/1766\/\" target=\"_blank\" rel=\"noopener\"><span id=\"texte\">Let&#8217;s go!<\/span><span id=\"fleche\"><img src=\"https:\/\/www.aupredulac.eu\/wp-content\/uploads\/2018\/02\/arrow_right_white.png\" alt=\"fleche\" \/><\/span><\/a>[\/vc_column_text][\/vc_column][\/vc_row]<\/p>\n","protected":false},"excerpt":{"rendered":"<p>[vc_row full_width=&#8221;stretch_row&#8221; parallax=&#8221;content-moving&#8221; parallax_image=&#8221;3397&#8243; el_id=&#8221;parallax&#8221;][vc_column][vc_empty_space height=&#8221;200px&#8221;][\/vc_column][\/vc_row][vc_row css=&#8221;.vc_custom_1523629866515{margin-top: -80px !important;background-color: #61d007 !important;}&#8221; el_id=&#8221;resa&#8221;][vc_column width=&#8221;1\/2&#8243; css=&#8221;.vc_custom_1523629878456{padding-top: 25px !important;padding-right: 50px !important;padding-bottom: 25px !important;}&#8221;][vc_column_text el_id=&#8221;texteTop&#8221; css=&#8221;.vc_custom_1528111232219{margin-bottom: 0px !important;}&#8221;] BOOK NOW<span class=\"excerpt-hellip\"> [\u2026]<\/span><\/p>\n","protected":false},"author":1,"featured_media":0,"parent":0,"menu_order":0,"comment_status":"closed","ping_status":"closed","template":"","meta":[],"yoast_head":"<!-- This site is optimized with the Yoast SEO plugin v19.4 - https:\/\/yoast.com\/wordpress\/plugins\/seo\/ -->\n<title>Camping sur la Route de Napol\u00e9on - &quot;Au Pr\u00e9 du Lac&quot; - Camping ***<\/title>\n<meta name=\"description\" content=\"Au Pr\u00e9 du Lac est un camping sur la route napol\u00e9on situ\u00e9 \u00e0 Laffrey. Il vous propose l&#039;h\u00e9bergement dont vous avez besoin pour vous ressourcer dans un cadre magnifique durant votre parcours.\" \/>\n<meta name=\"robots\" content=\"index, follow, max-snippet:-1, max-image-preview:large, max-video-preview:-1\" \/>\n<link rel=\"canonical\" href=\"https:\/\/www.aupredulac.eu\/en\/camping-route-napoleon\/\" \/>\n<meta property=\"og:locale\" content=\"en_US\" \/>\n<meta property=\"og:type\" content=\"article\" \/>\n<meta property=\"og:title\" content=\"Camping sur la Route de Napol\u00e9on - &quot;Au Pr\u00e9 du Lac&quot; - Camping ***\" \/>\n<meta property=\"og:description\" content=\"Au Pr\u00e9 du Lac est un camping sur la route napol\u00e9on situ\u00e9 \u00e0 Laffrey. Il vous propose l&#039;h\u00e9bergement dont vous avez besoin pour vous ressourcer dans un cadre magnifique durant votre parcours.\" \/>\n<meta property=\"og:url\" content=\"https:\/\/www.aupredulac.eu\/en\/camping-route-napoleon\/\" \/>\n<meta property=\"og:site_name\" content=\"Au pre du Lac - Camping\" \/>\n<meta property=\"article:modified_time\" content=\"2018-06-06T12:23:00+00:00\" \/>\n<meta property=\"og:image\" content=\"https:\/\/www.aupredulac.eu\/wp-content\/uploads\/2018\/02\/arrow_right_white.png\" \/>\n<meta name=\"twitter:card\" content=\"summary_large_image\" \/>\n<meta name=\"twitter:label1\" content=\"Est. reading time\" \/>\n\t<meta name=\"twitter:data1\" content=\"5 minutes\" \/>\n<script type=\"application\/ld+json\" class=\"yoast-schema-graph\">{\"@context\":\"https:\/\/schema.org\",\"@graph\":[{\"@type\":\"WebSite\",\"@id\":\"https:\/\/www.aupredulac.eu\/#website\",\"url\":\"https:\/\/www.aupredulac.eu\/\",\"name\":\"Au pre du Lac - Camping\",\"description\":\"\",\"potentialAction\":[{\"@type\":\"SearchAction\",\"target\":{\"@type\":\"EntryPoint\",\"urlTemplate\":\"https:\/\/www.aupredulac.eu\/?s={search_term_string}\"},\"query-input\":\"required name=search_term_string\"}],\"inLanguage\":\"en-US\"},{\"@type\":\"WebPage\",\"@id\":\"https:\/\/www.aupredulac.eu\/en\/camping-route-napoleon\/\",\"url\":\"https:\/\/www.aupredulac.eu\/en\/camping-route-napoleon\/\",\"name\":\"Camping sur la Route de Napol\u00e9on - \\\"Au Pr\u00e9 du Lac\\\" - Camping ***\",\"isPartOf\":{\"@id\":\"https:\/\/www.aupredulac.eu\/#website\"},\"datePublished\":\"2018-02-08T09:36:53+00:00\",\"dateModified\":\"2018-06-06T12:23:00+00:00\",\"description\":\"Au Pr\u00e9 du Lac est un camping sur la route napol\u00e9on situ\u00e9 \u00e0 Laffrey. Il vous propose l'h\u00e9bergement dont vous avez besoin pour vous ressourcer dans un cadre magnifique durant votre parcours.\",\"breadcrumb\":{\"@id\":\"https:\/\/www.aupredulac.eu\/en\/camping-route-napoleon\/#breadcrumb\"},\"inLanguage\":\"en-US\",\"potentialAction\":[{\"@type\":\"ReadAction\",\"target\":[\"https:\/\/www.aupredulac.eu\/en\/camping-route-napoleon\/\"]}]},{\"@type\":\"BreadcrumbList\",\"@id\":\"https:\/\/www.aupredulac.eu\/en\/camping-route-napoleon\/#breadcrumb\",\"itemListElement\":[{\"@type\":\"ListItem\",\"position\":1,\"name\":\"Accueil\",\"item\":\"https:\/\/www.aupredulac.eu\/en\/\"},{\"@type\":\"ListItem\",\"position\":2,\"name\":\"The Napoleon Road (EN)\"}]}]}<\/script>\n<!-- \/ Yoast SEO plugin. -->","yoast_head_json":{"title":"Camping sur la Route de Napol\u00e9on - \"Au Pr\u00e9 du Lac\" - Camping ***","description":"Au Pr\u00e9 du Lac est un camping sur la route napol\u00e9on situ\u00e9 \u00e0 Laffrey. Il vous propose l'h\u00e9bergement dont vous avez besoin pour vous ressourcer dans un cadre magnifique durant votre parcours.","robots":{"index":"index","follow":"follow","max-snippet":"max-snippet:-1","max-image-preview":"max-image-preview:large","max-video-preview":"max-video-preview:-1"},"canonical":"https:\/\/www.aupredulac.eu\/en\/camping-route-napoleon\/","og_locale":"en_US","og_type":"article","og_title":"Camping sur la Route de Napol\u00e9on - \"Au Pr\u00e9 du Lac\" - Camping ***","og_description":"Au Pr\u00e9 du Lac est un camping sur la route napol\u00e9on situ\u00e9 \u00e0 Laffrey. Il vous propose l'h\u00e9bergement dont vous avez besoin pour vous ressourcer dans un cadre magnifique durant votre parcours.","og_url":"https:\/\/www.aupredulac.eu\/en\/camping-route-napoleon\/","og_site_name":"Au pre du Lac - Camping","article_modified_time":"2018-06-06T12:23:00+00:00","og_image":[{"url":"https:\/\/www.aupredulac.eu\/wp-content\/uploads\/2018\/02\/arrow_right_white.png"}],"twitter_card":"summary_large_image","twitter_misc":{"Est. reading time":"5 minutes"},"schema":{"@context":"https:\/\/schema.org","@graph":[{"@type":"WebSite","@id":"https:\/\/www.aupredulac.eu\/#website","url":"https:\/\/www.aupredulac.eu\/","name":"Au pre du Lac - Camping","description":"","potentialAction":[{"@type":"SearchAction","target":{"@type":"EntryPoint","urlTemplate":"https:\/\/www.aupredulac.eu\/?s={search_term_string}"},"query-input":"required name=search_term_string"}],"inLanguage":"en-US"},{"@type":"WebPage","@id":"https:\/\/www.aupredulac.eu\/en\/camping-route-napoleon\/","url":"https:\/\/www.aupredulac.eu\/en\/camping-route-napoleon\/","name":"Camping sur la Route de Napol\u00e9on - \"Au Pr\u00e9 du Lac\" - Camping ***","isPartOf":{"@id":"https:\/\/www.aupredulac.eu\/#website"},"datePublished":"2018-02-08T09:36:53+00:00","dateModified":"2018-06-06T12:23:00+00:00","description":"Au Pr\u00e9 du Lac est un camping sur la route napol\u00e9on situ\u00e9 \u00e0 Laffrey. Il vous propose l'h\u00e9bergement dont vous avez besoin pour vous ressourcer dans un cadre magnifique durant votre parcours.","breadcrumb":{"@id":"https:\/\/www.aupredulac.eu\/en\/camping-route-napoleon\/#breadcrumb"},"inLanguage":"en-US","potentialAction":[{"@type":"ReadAction","target":["https:\/\/www.aupredulac.eu\/en\/camping-route-napoleon\/"]}]},{"@type":"BreadcrumbList","@id":"https:\/\/www.aupredulac.eu\/en\/camping-route-napoleon\/#breadcrumb","itemListElement":[{"@type":"ListItem","position":1,"name":"Accueil","item":"https:\/\/www.aupredulac.eu\/en\/"},{"@type":"ListItem","position":2,"name":"The Napoleon Road (EN)"}]}]}},"_links":{"self":[{"href":"https:\/\/www.aupredulac.eu\/en\/wp-json\/wp\/v2\/pages\/3685"}],"collection":[{"href":"https:\/\/www.aupredulac.eu\/en\/wp-json\/wp\/v2\/pages"}],"about":[{"href":"https:\/\/www.aupredulac.eu\/en\/wp-json\/wp\/v2\/types\/page"}],"author":[{"embeddable":true,"href":"https:\/\/www.aupredulac.eu\/en\/wp-json\/wp\/v2\/users\/1"}],"replies":[{"embeddable":true,"href":"https:\/\/www.aupredulac.eu\/en\/wp-json\/wp\/v2\/comments?post=3685"}],"version-history":[{"count":5,"href":"https:\/\/www.aupredulac.eu\/en\/wp-json\/wp\/v2\/pages\/3685\/revisions"}],"predecessor-version":[{"id":4363,"href":"https:\/\/www.aupredulac.eu\/en\/wp-json\/wp\/v2\/pages\/3685\/revisions\/4363"}],"wp:attachment":[{"href":"https:\/\/www.aupredulac.eu\/en\/wp-json\/wp\/v2\/media?parent=3685"}],"curies":[{"name":"wp","href":"https:\/\/api.w.org\/{rel}","templated":true}]}}