{"id":3544,"date":"2018-02-01T10:00:32","date_gmt":"2018-02-01T09:00:32","guid":{"rendered":"http:\/\/www.aupredulac.eu\/camping-lac-de-laffrey\/"},"modified":"2018-06-06T14:44:56","modified_gmt":"2018-06-06T12:44:56","slug":"camping-lac-de-laffrey","status":"publish","type":"page","link":"https:\/\/www.aupredulac.eu\/en\/camping-lac-de-laffrey\/","title":{"rendered":"The Lakes (EN)"},"content":{"rendered":"<p>[vc_row full_width=&#8221;stretch_row&#8221; parallax=&#8221;content-moving&#8221; parallax_image=&#8221;3255&#8243; el_id=&#8221;parallax&#8221;][vc_column][vc_empty_space height=&#8221;200px&#8221;][\/vc_column][\/vc_row][vc_row content_placement=&#8221;middle&#8221; el_id=&#8221;resa&#8221; css=&#8221;.vc_custom_1523626996646{margin-top: -80px !important;background-color: #61d007 !important;}&#8221;][vc_column width=&#8221;1\/2&#8243; css=&#8221;.vc_custom_1523626919605{padding-top: 25px !important;padding-right: 50px !important;padding-bottom: 25px !important;}&#8221;][vc_column_text el_id=&#8221;texteTop&#8221; css=&#8221;.vc_custom_1528108721267{margin-bottom: 0px !important;}&#8221;]<\/p>\n<p style=\"text-align: right;\"><strong>BOOK NOW<\/strong><\/p>\n<p>[\/vc_column_text][\/vc_column][vc_column width=&#8221;1\/2&#8243; css=&#8221;.vc_custom_1523626947813{margin-top: 0px !important;margin-bottom: 0px !important;padding-top: 25px !important;padding-right: 0px !important;padding-bottom: 25px !important;padding-left: 50px !important;}&#8221;][vc_column_text el_id=&#8221;btnTop&#8221; css=&#8221;.vc_custom_1528108766746{margin-bottom: 0px !important;}&#8221;]<a href=\"https:\/\/campingaupredulac.premium.secureholiday.net\/fr\/1766\/\"><span id=\"texte\">Let&#8217;s go!<\/span><span id=\"fleche\"><img src=\"https:\/\/www.aupredulac.eu\/wp-content\/uploads\/2018\/02\/arrow_right_white.png\" alt=\"fleche\" \/><\/span><\/a>[\/vc_column_text][\/vc_column][\/vc_row][vc_row][vc_column][vc_empty_space height=&#8221;10px&#8221;][vc_column_text el_class=&#8221;titreHome&#8221;]<\/p>\n<h1 style=\"text-align: center;\">A campsite beside the Laffrey lake<\/h1>\n<p>[\/vc_column_text][vc_separator color=&#8221;custom&#8221; border_width=&#8221;6&#8243; el_width=&#8221;10&#8243; accent_color=&#8221;#61d007&#8243;][\/vc_column][\/vc_row][vc_row full_width=&#8221;stretch_row&#8221; el_id=&#8221;vacances-memorables&#8221;][vc_column][vc_column_text]<\/p>\n<p style=\"text-align: center;\">A CAMPSITE FOR AN UNFORGETTABLE VACATION<\/p>\n<p>[\/vc_column_text][vc_row_inner el_id=&#8221;presentation&#8221;][vc_column_inner width=&#8221;1\/2&#8243;][vc_column_text el_id=&#8221;Text1&#8243;]<\/p>\n<p style=\"text-align: center;\">LOCATED IN ISERE, CLOSE TO THE LAFFREY LAKE, OUR CAMPSITE \u201cAU PR\u00c9 DU LAC \u201cIS BASED IN A PRESERVED NATURE.<\/p>\n<p>[\/vc_column_text][\/vc_column_inner][vc_column_inner width=&#8221;1\/2&#8243;][vc_column_text el_id=&#8221;Text1&#8243;]<\/p>\n<p style=\"text-align: center;\">CENTER OF MANY HIKES AND VISITS, IN THE HEART OF HISTORY, THE CAMPSITE OFFERS ACCOMMODATIONS CORRESPONDING TO ALL YOUR EXPECTATIONS.\u00a0 BUT ALSO, A GOOD <a href=\"\/le-restaurant\/\">FOOD<\/a> SERVICE QUALITY.<\/p>\n<p>[\/vc_column_text][\/vc_column_inner][\/vc_row_inner][\/vc_column][\/vc_row][vc_row full_width=&#8221;stretch_row&#8221; css=&#8221;.vc_custom_1523450032760{background-color: #f0f0f1 !important;}&#8221; el_id=&#8221;region-decouvrir&#8221;][vc_column][vc_column_text]<\/p>\n<h2 style=\"text-align: center;\">A region to discover<\/h2>\n<p>[\/vc_column_text][vc_separator color=&#8221;custom&#8221; border_width=&#8221;6&#8243; el_width=&#8221;10&#8243; accent_color=&#8221;#61d007&#8243;][vc_empty_space height=&#8221;5px&#8221;][vc_row_inner el_id=&#8221;passerelles-aeriennes&#8221;][vc_column_inner width=&#8221;1\/2&#8243;][vc_single_image image=&#8221;3263&#8243; img_size=&#8221;full&#8221; alignment=&#8221;right&#8221;][\/vc_column_inner][vc_column_inner width=&#8221;1\/2&#8243;][vc_column_text]In front of the Laffrey Lake, the campsite is in the heart of wonderful landscapes. Located in the south of Isere, at about thirty kilometers from Grenoble, it\u2019s in the middle of the beauties of the Matheysine and its natural lakes. Close to the ski resorts, such as the \u201c<a href=\"http:\/\/www.alpedugrandserre.info\/\">Alpe du Grand Serre<\/a>\u201d or \u201c<a href=\"https:\/\/www.chamrousse.com\/\">Chamrousse<\/a>\u201d, this campsite in Is\u00e8re is a start point for many beautiful hikes.<\/p>\n<p>You can reach <a href=\"https:\/\/www.aupredulac.eu\/camping-montagne-alpes\/\">mountain<\/a> lakes, like the \u201cPoursollet Lake\u201d, with fresh and clean water. The bravest ones will discover the air bridges wich dominate the green waters of the \u201c<a href=\"http:\/\/www.lac-monteynard.com\/\">Monteynard lake<\/a>&#8220;.[\/vc_column_text][\/vc_column_inner][\/vc_row_inner][vc_empty_space height=&#8221;5px&#8221;][vc_row_inner el_id=&#8221;musee-mine-image&#8221;][vc_column_inner width=&#8221;1\/2&#8243;][vc_column_text]In this country, where there are some traces from the past, history lovers will not be left out. Not far from the campsite &#8220;Au Pr\u00e9 au Lac&#8221;, the <a href=\"http:\/\/www.domaine-vizille.fr\/\">Castle of Vizille<\/a>, which you can visit; housed the meeting of the general states of Dauphine, prelude to the French Revolution. At Laffrey, you will find the memory of Napoleon, who, in this place, rallied to his flag, a royal regiment.<\/p>\n<p>Starting from this Laffrey Lake campsite, another excursion will take you to the \u201c<a href=\"https:\/\/www.mine-image.com\/fr\/\">Image Mine Museum<\/a>\u201d, near to the\u00a0<a href=\"https:\/\/www.aupredulac.eu\/camping-route-napoleon\/\">Napol\u00e9on road<\/a>, where the work and living conditions of the anthracite miners are well reproduced. In\u201d La Mure\u201d, near Grenoble, you can still discover the traditions and culture of peasants and artisans who lived on the \u201cmatheysine\u201d plateau.<\/p>\n<p>&nbsp;<\/p>\n<p>[\/vc_column_text][\/vc_column_inner][vc_column_inner width=&#8221;1\/2&#8243;][vc_single_image image=&#8221;3268&#8243; img_size=&#8221;large&#8221;][\/vc_column_inner][\/vc_row_inner][\/vc_column][\/vc_row][vc_row el_id=&#8221;activite-famille&#8221;][vc_column][vc_column_text]<\/p>\n<h2 style=\"text-align: center;\">Activities for all the family<\/h2>\n<p>[\/vc_column_text][vc_separator color=&#8221;custom&#8221; border_width=&#8221;6&#8243; el_width=&#8221;10&#8243; accent_color=&#8221;#61d007&#8243;][vc_empty_space height=&#8221;5px&#8221;][vc_row_inner][vc_column_inner width=&#8221;1\/2&#8243;][vc_single_image image=&#8221;3269&#8243; img_size=&#8221;full&#8221;][\/vc_column_inner][vc_column_inner width=&#8221;1\/2&#8243;][vc_column_text]In this campsite which is next to the lake, you\u2019ll find a beach made of grass. The lake is able to propose you a lot of activities. Parents and children can practice swimming and fishing. Canoes are also at your disposal. If you prefer to sail, a nearby nautical base offers you the opportunity. But, aswell, lovers of the deep sea can practice scuba diving. Near to &#8220;Au Pr\u00e9 du Lac&#8221; campsite, thrill-seekers can also find places for vertiginous paragliding flights.[\/vc_column_text][\/vc_column_inner][\/vc_row_inner][vc_empty_space height=&#8221;5px&#8221;][vc_row_inner][vc_column_inner width=&#8221;1\/2&#8243;][vc_column_text]But other sensations are waiting for you! If you practice mountaineering, or if you want an initiation, you can try a via ferrata. The principle is to climb on a wall made of rock. This wall is equipped with ladders and cables that will facilitate the progression. Other climbing sites, suitable for all levels, still offer other courses in the <a href=\"\/region-isere\/\">region<\/a>. Do not miss the Air Park in Laffrey, where you will fly in unspoilt nature, lakes and rivers. You can even bike over the void! Not far from the campsite in Isere, canyoning courses will give you good sensations. With the help of professionals, traces and ways in the rock are here for you to learn or practice a great new activity.[\/vc_column_text][\/vc_column_inner][vc_column_inner width=&#8221;1\/2&#8243;][vc_single_image image=&#8221;3316&#8243; img_size=&#8221;full&#8221;][\/vc_column_inner][\/vc_row_inner][\/vc_column][\/vc_row][vc_row full_width=&#8221;stretch_row&#8221; css=&#8221;.vc_custom_1523458794192{background-color: #f0f0f1 !important;}&#8221; el_id=&#8221;camping-pour-vous&#8221;][vc_column][vc_column_text]<\/p>\n<h2 style=\"text-align: center;\">A Campsite made for you<\/h2>\n<p>[\/vc_column_text][vc_separator color=&#8221;custom&#8221; border_width=&#8221;6&#8243; el_width=&#8221;10&#8243; accent_color=&#8221;#61d007&#8243;][vc_empty_space height=&#8221;5px&#8221;][vc_row_inner][vc_column_inner width=&#8221;1\/2&#8243;][vc_column_text]The &#8220;Au Pr\u00e9 du Lac&#8221; campsite offers you, first of all, the type of accommodation in function of your expectations. There, you will find, for your tent, or your camper-van, a large shadowed space with an electric installation if you need.<\/p>\n<p>Other types of accommodations are available. You can opt for the heated hut of 14 m2, which includes four beds and a kitchenette. Depending on the number of people, you can also choose a cottage with two or three bedrooms, equipped with a bathroom.[\/vc_column_text][\/vc_column_inner][vc_column_inner width=&#8221;1\/2&#8243;][vc_single_image image=&#8221;3357&#8243; img_size=&#8221;full&#8221;][\/vc_column_inner][\/vc_row_inner][vc_empty_space height=&#8221;5px&#8221;][vc_row_inner][vc_column_inner width=&#8221;1\/2&#8243;][vc_single_image image=&#8221;3367&#8243; img_size=&#8221;full&#8221;][\/vc_column_inner][vc_column_inner width=&#8221;1\/2&#8243;][vc_column_text]Our <a href=\"\/mobil-homes\/\">mobile homes<\/a>, from 30 to 37 m2, also include two or three bedrooms and a bathroom. Once properly installed, you can make an excellent meal at the restaurant of your campsite &#8220;Au Pr\u00e9 du Lac&#8221;.<\/p>\n<p>Open from March to October, it offers varied menus, composed with local products. For example: poultry, porc sausages, fruits and vegetables come from local producers. You will be served on a terrace in front of the Laffrey lake or if you prefer, in the common room, decorated with care. You can choose between a menu option and a varied menu. Both are offering a tasty and gourmet cuisine.<\/p>\n<p>[\/vc_column_text][\/vc_column_inner][\/vc_row_inner][\/vc_column][\/vc_row][vc_row el_id=&#8221;lac-autour-camping&#8221;][vc_column][vc_column_text]<\/p>\n<h2 style=\"text-align: center;\">Lakes around the campsite<\/h2>\n<p>[\/vc_column_text][vc_separator color=&#8221;custom&#8221; border_width=&#8221;6&#8243; el_width=&#8221;10&#8243; accent_color=&#8221;#61d007&#8243;][vc_row_inner equal_height=&#8221;yes&#8221; el_id=&#8221;ligne-1&#8243;][vc_column_inner el_class=&#8221;blocLac&#8221; width=&#8221;1\/3&#8243; css=&#8221;.vc_custom_1523518963763{background-color: #f0f0f1 !important;border-radius: 20px !important;}&#8221;][vc_single_image image=&#8221;3382&#8243; img_size=&#8221;full&#8221; alignment=&#8221;center&#8221;][vc_column_text el_class=&#8221;titreLac&#8221;]<\/p>\n<p class=\"h2\">THE POURSOLLET LAKE<\/p>\n<p>[\/vc_column_text][vc_separator color=&#8221;custom&#8221; border_width=&#8221;6&#8243; el_width=&#8221;10&#8243; el_class=&#8221;separateurLac&#8221; accent_color=&#8221;#61d007&#8243;][vc_column_text css=&#8221;.vc_custom_1528110607566{background-color: #fcfcfc !important;}&#8221;]The Lake of Poursollet is located in the Taillefer mountain range in the town of Livet-et-Gavet. The lake is at an altitude of 1649 meters. It\u2019s easily accessible by car from the departmental road, called &#8220;Route du Poursollet&#8221;.[\/vc_column_text][\/vc_column_inner][vc_column_inner width=&#8221;1\/3&#8243; css=&#8221;.vc_custom_1523519733542{background-color: #f0f0f1 !important;border-radius: 20px !important;}&#8221;][vc_single_image image=&#8221;3383&#8243; img_size=&#8221;full&#8221; alignment=&#8221;center&#8221;][vc_column_text el_class=&#8221;titreLac&#8221;]<\/p>\n<p class=\"h2\">THE FOURCHU LAKE<\/p>\n<p>[\/vc_column_text][vc_separator color=&#8221;custom&#8221; border_width=&#8221;6&#8243; el_width=&#8221;10&#8243; el_class=&#8221;separateurLac&#8221; accent_color=&#8221;#61d007&#8243;][vc_column_text css=&#8221;.vc_custom_1528110693291{background-color: #fcfcfc !important;}&#8221;]The Fourchu Lake is relatively easy to acess via the GR 50. Starting from the Poursollet Lake to the west or starting from the village of Onon to the east. This lake offers many departures to the Romanche Valley.[\/vc_column_text][\/vc_column_inner][vc_column_inner width=&#8221;1\/3&#8243; css=&#8221;.vc_custom_1523519770998{background-color: #f0f0f1 !important;border-radius: 20px !important;}&#8221;][vc_single_image image=&#8221;3384&#8243; img_size=&#8221;full&#8221; alignment=&#8221;center&#8221;][vc_column_text el_class=&#8221;titreLac&#8221;]<\/p>\n<p class=\"h2\">THE LAFFREY LAKE<\/p>\n<p>[\/vc_column_text][vc_separator color=&#8221;custom&#8221; border_width=&#8221;6&#8243; el_width=&#8221;10&#8243; el_class=&#8221;separateurLac&#8221; accent_color=&#8221;#61d007&#8243;][vc_column_text css=&#8221;.vc_custom_1528110772828{background-color: #fcfcfc !important;}&#8221;]At an altitude of 900m, this natural lake with changing blue waters offers all the pleasures of the water: swimming, boat, fishing &#8230; This Lake has a glacial origin. Because of the climate of the region, the lake is often frozen between January and February. Thank\u2019s to its depth of 39m and its area of 130Ha, this lake became the 8th natural lake in France.[\/vc_column_text][\/vc_column_inner][\/vc_row_inner][vc_row_inner el_id=&#8221;ligne-2&#8243;][vc_column_inner width=&#8221;1\/3&#8243;][\/vc_column_inner][vc_column_inner width=&#8221;1\/3&#8243; css=&#8221;.vc_custom_1523519733542{background-color: #f0f0f1 !important;border-radius: 20px !important;}&#8221;][vc_single_image image=&#8221;3381&#8243; img_size=&#8221;full&#8221; alignment=&#8221;center&#8221;][vc_column_text el_class=&#8221;titreLac&#8221;]<\/p>\n<p class=\"h2\">The campsite is surrounded by 4 lakes with different sizes:<\/p>\n<p>[\/vc_column_text][vc_separator color=&#8221;custom&#8221; border_width=&#8221;6&#8243; el_width=&#8221;10&#8243; el_class=&#8221;separateurLac&#8221; accent_color=&#8221;#61d007&#8243;][vc_column_text css=&#8221;.vc_custom_1528111034992{background-color: #fcfcfc !important;}&#8221;]The lakes of Laffrey are 4 lakes located on the Matheysin plateau between the town of Laffrey and the town of Pierre-Ch\u00e2tel in Isere, situated in the Taillefer mountain range. The Pierre-Ch\u00e2tel Lake, the P\u00e9tichet Lake, the Laffrey Lake, and the Lake of Mort.[\/vc_column_text][\/vc_column_inner][vc_column_inner width=&#8221;1\/3&#8243;][\/vc_column_inner][\/vc_row_inner][\/vc_column][\/vc_row][vc_row full_width=&#8221;stretch_row&#8221; content_placement=&#8221;middle&#8221; el_id=&#8221;resa2&#8243; css=&#8221;.vc_custom_1523627247135{background-color: #61d007 !important;}&#8221;][vc_column width=&#8221;1\/2&#8243; css=&#8221;.vc_custom_1523626919605{padding-top: 25px !important;padding-right: 50px !important;padding-bottom: 25px !important;}&#8221;][vc_column_text css=&#8221;.vc_custom_1528110793476{margin-bottom: 0px !important;}&#8221; el_id=&#8221;texteTop2&#8243;]<\/p>\n<p style=\"text-align: right;\"><strong>BOOK NOW<\/strong><\/p>\n<p>[\/vc_column_text][\/vc_column][vc_column width=&#8221;1\/2&#8243; css=&#8221;.vc_custom_1523626947813{margin-top: 0px !important;margin-bottom: 0px !important;padding-top: 25px !important;padding-right: 0px !important;padding-bottom: 25px !important;padding-left: 50px !important;}&#8221;][vc_column_text css=&#8221;.vc_custom_1528110821152{margin-bottom: 0px !important;}&#8221; el_id=&#8221;btnTop2&#8243;]<a href=\"https:\/\/campingaupredulac.premium.secureholiday.net\/fr\/1766\/\"><span id=\"texte\">Let&#8217;s go!<\/span><span id=\"fleche\"><img src=\"https:\/\/www.aupredulac.eu\/wp-content\/uploads\/2018\/02\/arrow_right_white.png\" alt=\"fleche\" \/><\/span><\/a>[\/vc_column_text][\/vc_column][\/vc_row]<\/p>\n","protected":false},"excerpt":{"rendered":"<p>[vc_row full_width=&#8221;stretch_row&#8221; parallax=&#8221;content-moving&#8221; parallax_image=&#8221;3255&#8243; el_id=&#8221;parallax&#8221;][vc_column][vc_empty_space height=&#8221;200px&#8221;][\/vc_column][\/vc_row][vc_row content_placement=&#8221;middle&#8221; el_id=&#8221;resa&#8221; css=&#8221;.vc_custom_1523626996646{margin-top: -80px !important;background-color: #61d007 !important;}&#8221;][vc_column width=&#8221;1\/2&#8243; css=&#8221;.vc_custom_1523626919605{padding-top: 25px !important;padding-right: 50px !important;padding-bottom: 25px !important;}&#8221;][vc_column_text el_id=&#8221;texteTop&#8221; css=&#8221;.vc_custom_1528108721267{margin-bottom: 0px !important;}&#8221;] BOOK<span class=\"excerpt-hellip\"> [\u2026]<\/span><\/p>\n","protected":false},"author":1,"featured_media":0,"parent":0,"menu_order":0,"comment_status":"closed","ping_status":"closed","template":"","meta":[],"yoast_head":"<!-- This site is optimized with the Yoast SEO plugin v19.4 - https:\/\/yoast.com\/wordpress\/plugins\/seo\/ -->\n<title>Camping Lac de Laffrey - &quot;Au Pr\u00e9 du Lac&quot; - Camping *** \u00e0 Laffrey<\/title>\n<meta name=\"description\" content=\"Au bord du lac Laffrey, le camping Au Pr\u00e9 du Lac vous propose une exp\u00e9rience naturelle et confortable grace \u00e0 ses emplacements, chalets et mobil homes. En famille ou entre amis, alliez d\u00e8s maintenant sport, nature et d\u00e9tente !\" \/>\n<meta name=\"robots\" content=\"index, follow, max-snippet:-1, max-image-preview:large, max-video-preview:-1\" \/>\n<link rel=\"canonical\" href=\"https:\/\/www.aupredulac.eu\/en\/camping-lac-de-laffrey\/\" \/>\n<meta property=\"og:locale\" content=\"en_US\" \/>\n<meta property=\"og:type\" content=\"article\" \/>\n<meta property=\"og:title\" content=\"Camping Lac de Laffrey - &quot;Au Pr\u00e9 du Lac&quot; - Camping *** \u00e0 Laffrey\" \/>\n<meta property=\"og:description\" content=\"Au bord du lac Laffrey, le camping Au Pr\u00e9 du Lac vous propose une exp\u00e9rience naturelle et confortable grace \u00e0 ses emplacements, chalets et mobil homes. En famille ou entre amis, alliez d\u00e8s maintenant sport, nature et d\u00e9tente !\" \/>\n<meta property=\"og:url\" content=\"https:\/\/www.aupredulac.eu\/en\/camping-lac-de-laffrey\/\" \/>\n<meta property=\"og:site_name\" content=\"Au pre du Lac - Camping\" \/>\n<meta property=\"article:modified_time\" content=\"2018-06-06T12:44:56+00:00\" \/>\n<meta property=\"og:image\" content=\"https:\/\/www.aupredulac.eu\/wp-content\/uploads\/2018\/02\/arrow_right_white.png\" \/>\n<meta name=\"twitter:card\" content=\"summary_large_image\" \/>\n<meta name=\"twitter:label1\" content=\"Est. reading time\" \/>\n\t<meta name=\"twitter:data1\" content=\"9 minutes\" \/>\n<script type=\"application\/ld+json\" class=\"yoast-schema-graph\">{\"@context\":\"https:\/\/schema.org\",\"@graph\":[{\"@type\":\"WebSite\",\"@id\":\"https:\/\/www.aupredulac.eu\/#website\",\"url\":\"https:\/\/www.aupredulac.eu\/\",\"name\":\"Au pre du Lac - Camping\",\"description\":\"\",\"potentialAction\":[{\"@type\":\"SearchAction\",\"target\":{\"@type\":\"EntryPoint\",\"urlTemplate\":\"https:\/\/www.aupredulac.eu\/?s={search_term_string}\"},\"query-input\":\"required name=search_term_string\"}],\"inLanguage\":\"en-US\"},{\"@type\":\"WebPage\",\"@id\":\"https:\/\/www.aupredulac.eu\/en\/camping-lac-de-laffrey\/\",\"url\":\"https:\/\/www.aupredulac.eu\/en\/camping-lac-de-laffrey\/\",\"name\":\"Camping Lac de Laffrey - \\\"Au Pr\u00e9 du Lac\\\" - Camping *** \u00e0 Laffrey\",\"isPartOf\":{\"@id\":\"https:\/\/www.aupredulac.eu\/#website\"},\"datePublished\":\"2018-02-01T09:00:32+00:00\",\"dateModified\":\"2018-06-06T12:44:56+00:00\",\"description\":\"Au bord du lac Laffrey, le camping Au Pr\u00e9 du Lac vous propose une exp\u00e9rience naturelle et confortable grace \u00e0 ses emplacements, chalets et mobil homes. En famille ou entre amis, alliez d\u00e8s maintenant sport, nature et d\u00e9tente !\",\"breadcrumb\":{\"@id\":\"https:\/\/www.aupredulac.eu\/en\/camping-lac-de-laffrey\/#breadcrumb\"},\"inLanguage\":\"en-US\",\"potentialAction\":[{\"@type\":\"ReadAction\",\"target\":[\"https:\/\/www.aupredulac.eu\/en\/camping-lac-de-laffrey\/\"]}]},{\"@type\":\"BreadcrumbList\",\"@id\":\"https:\/\/www.aupredulac.eu\/en\/camping-lac-de-laffrey\/#breadcrumb\",\"itemListElement\":[{\"@type\":\"ListItem\",\"position\":1,\"name\":\"Accueil\",\"item\":\"https:\/\/www.aupredulac.eu\/en\/\"},{\"@type\":\"ListItem\",\"position\":2,\"name\":\"The Lakes (EN)\"}]}]}<\/script>\n<!-- \/ Yoast SEO plugin. -->","yoast_head_json":{"title":"Camping Lac de Laffrey - \"Au Pr\u00e9 du Lac\" - Camping *** \u00e0 Laffrey","description":"Au bord du lac Laffrey, le camping Au Pr\u00e9 du Lac vous propose une exp\u00e9rience naturelle et confortable grace \u00e0 ses emplacements, chalets et mobil homes. En famille ou entre amis, alliez d\u00e8s maintenant sport, nature et d\u00e9tente !","robots":{"index":"index","follow":"follow","max-snippet":"max-snippet:-1","max-image-preview":"max-image-preview:large","max-video-preview":"max-video-preview:-1"},"canonical":"https:\/\/www.aupredulac.eu\/en\/camping-lac-de-laffrey\/","og_locale":"en_US","og_type":"article","og_title":"Camping Lac de Laffrey - \"Au Pr\u00e9 du Lac\" - Camping *** \u00e0 Laffrey","og_description":"Au bord du lac Laffrey, le camping Au Pr\u00e9 du Lac vous propose une exp\u00e9rience naturelle et confortable grace \u00e0 ses emplacements, chalets et mobil homes. En famille ou entre amis, alliez d\u00e8s maintenant sport, nature et d\u00e9tente !","og_url":"https:\/\/www.aupredulac.eu\/en\/camping-lac-de-laffrey\/","og_site_name":"Au pre du Lac - Camping","article_modified_time":"2018-06-06T12:44:56+00:00","og_image":[{"url":"https:\/\/www.aupredulac.eu\/wp-content\/uploads\/2018\/02\/arrow_right_white.png"}],"twitter_card":"summary_large_image","twitter_misc":{"Est. reading time":"9 minutes"},"schema":{"@context":"https:\/\/schema.org","@graph":[{"@type":"WebSite","@id":"https:\/\/www.aupredulac.eu\/#website","url":"https:\/\/www.aupredulac.eu\/","name":"Au pre du Lac - Camping","description":"","potentialAction":[{"@type":"SearchAction","target":{"@type":"EntryPoint","urlTemplate":"https:\/\/www.aupredulac.eu\/?s={search_term_string}"},"query-input":"required name=search_term_string"}],"inLanguage":"en-US"},{"@type":"WebPage","@id":"https:\/\/www.aupredulac.eu\/en\/camping-lac-de-laffrey\/","url":"https:\/\/www.aupredulac.eu\/en\/camping-lac-de-laffrey\/","name":"Camping Lac de Laffrey - \"Au Pr\u00e9 du Lac\" - Camping *** \u00e0 Laffrey","isPartOf":{"@id":"https:\/\/www.aupredulac.eu\/#website"},"datePublished":"2018-02-01T09:00:32+00:00","dateModified":"2018-06-06T12:44:56+00:00","description":"Au bord du lac Laffrey, le camping Au Pr\u00e9 du Lac vous propose une exp\u00e9rience naturelle et confortable grace \u00e0 ses emplacements, chalets et mobil homes. En famille ou entre amis, alliez d\u00e8s maintenant sport, nature et d\u00e9tente !","breadcrumb":{"@id":"https:\/\/www.aupredulac.eu\/en\/camping-lac-de-laffrey\/#breadcrumb"},"inLanguage":"en-US","potentialAction":[{"@type":"ReadAction","target":["https:\/\/www.aupredulac.eu\/en\/camping-lac-de-laffrey\/"]}]},{"@type":"BreadcrumbList","@id":"https:\/\/www.aupredulac.eu\/en\/camping-lac-de-laffrey\/#breadcrumb","itemListElement":[{"@type":"ListItem","position":1,"name":"Accueil","item":"https:\/\/www.aupredulac.eu\/en\/"},{"@type":"ListItem","position":2,"name":"The Lakes (EN)"}]}]}},"_links":{"self":[{"href":"https:\/\/www.aupredulac.eu\/en\/wp-json\/wp\/v2\/pages\/3544"}],"collection":[{"href":"https:\/\/www.aupredulac.eu\/en\/wp-json\/wp\/v2\/pages"}],"about":[{"href":"https:\/\/www.aupredulac.eu\/en\/wp-json\/wp\/v2\/types\/page"}],"author":[{"embeddable":true,"href":"https:\/\/www.aupredulac.eu\/en\/wp-json\/wp\/v2\/users\/1"}],"replies":[{"embeddable":true,"href":"https:\/\/www.aupredulac.eu\/en\/wp-json\/wp\/v2\/comments?post=3544"}],"version-history":[{"count":5,"href":"https:\/\/www.aupredulac.eu\/en\/wp-json\/wp\/v2\/pages\/3544\/revisions"}],"predecessor-version":[{"id":4381,"href":"https:\/\/www.aupredulac.eu\/en\/wp-json\/wp\/v2\/pages\/3544\/revisions\/4381"}],"wp:attachment":[{"href":"https:\/\/www.aupredulac.eu\/en\/wp-json\/wp\/v2\/media?parent=3544"}],"curies":[{"name":"wp","href":"https:\/\/api.w.org\/{rel}","templated":true}]}}