{"id":3355,"date":"2018-01-08T14:05:24","date_gmt":"2018-01-08T13:05:24","guid":{"rendered":"http:\/\/www.aupredulac.eu\/accueil-cavaliers\/"},"modified":"2022-04-29T09:47:42","modified_gmt":"2022-04-29T07:47:42","slug":"riders-reception","status":"publish","type":"page","link":"https:\/\/www.aupredulac.eu\/en\/riders-reception\/","title":{"rendered":"Horseriders Reception (EN)"},"content":{"rendered":"<p>[vc_row][vc_column width=&#8221;2\/3&#8243;][rev_slider_vc alias=&#8221;cavalier&#8221;][\/vc_column][vc_column width=&#8221;1\/3&#8243;][vc_wp_custommenu nav_menu=&#8221;7&#8243; el_class=&#8221;menuDroiteHebergement&#8221;][\/vc_column][\/vc_row][vc_row][vc_column][vc_separator color=&#8221;custom&#8221; accent_color=&#8221;#61d007&#8243;][\/vc_column][\/vc_row][vc_row gap=&#8221;10&#8243; el_class=&#8221;documents-dl&#8221; css=&#8221;.vc_custom_1523892067297{padding-bottom: 40px !important;}&#8221;][vc_column width=&#8221;2\/3&#8243;][vc_column_text]<\/p>\n<h3>Pourquoi ne pas partir en vacances avec votre compagnon \u00e9quin ?<\/h3>\n<p>[\/vc_column_text][vc_column_text]L\u2019accueil cavalier au camping Au Pr\u00e9 du Lac propose un pr\u00e9 enherb\u00e9 \u00e9lectrifi\u00e9 pour votre cheval.<\/p>\n<p>Quel que soit le motif de votre halte : \u00e9tape, randonn\u00e9e, s\u00e9jour, comp\u00e9tition ou transport de longue dur\u00e9e vos chevaux seront les bienvenus.<\/p>\n<p>Profitez de 300 Km de chemins de randonn\u00e9e balis\u00e9es au d\u00e9part du camping et terminez par une baignade dans le Grand Lac de Laffrey.[\/vc_column_text][\/vc_column][vc_column width=&#8221;1\/3&#8243; css=&#8221;.vc_custom_1523891948289{background-color: #f0f0f1 !important;}&#8221;][vc_btn title=&#8221;R\u00e9server&#8221; color=&#8221;warning&#8221; align=&#8221;center&#8221; button_block=&#8221;true&#8221; link=&#8221;url:https%3A%2F%2Fbookingpremium.secureholiday.net%2Ffr%2F1766%2F|target:%20_blank|&#8221; el_class=&#8221;btn-reserver&#8221;][vc_column_text]<\/p>\n<h3 style=\"text-align: center;\">DOCUMENTS \u00c0 T\u00c9L\u00c9CHARGER<\/h3>\n<p>[\/vc_column_text][vc_btn title=&#8221;Reserver&#8221; color=&#8221;warning&#8221; align=&#8221;center&#8221; button_block=&#8221;true&#8221; link=&#8221;url:%2Fwp-content%2Fuploads%2F2018%2F01%2Freglement_terrains_de_camping.pdf|target:%20_blank|&#8221;][vc_btn title=&#8221;Reserver&#8221; color=&#8221;warning&#8221; align=&#8221;center&#8221; button_block=&#8221;true&#8221; link=&#8221;url:%2Fwp-content%2Fuploads%2F2018%2F01%2Fconditiondeventefr.pdf|target:%20_blank|&#8221;][\/vc_column][\/vc_row][vc_row][vc_column][vc_separator color=&#8221;custom&#8221; accent_color=&#8221;#61d007&#8243;][\/vc_column][\/vc_row][vc_row][vc_column][vc_column_text]<\/p>\n<h3>TARIF 2021 ACCUEIL \u00c9QUESTRE<\/h3>\n<p>[\/vc_column_text][vc_raw_html]JTNDdGFibGUlMjBjbGFzcyUzRCUyMnRhYmxlSGViZXJnZW1lbnQlMjIlM0UlMEElM0N0ciUzRSUwQSUzQ3RoJTNFMSUyMEpvdXIlM0MlMkZ0aCUzRSUwQSUzQ3RoJTNFR3JhbnVsJUMzJUE5cyUyMHBhciUyMGpvdXIlM0MlMkZ0aCUzRSUwQSUzQyUyRnRyJTNFJTBBJTNDdHIlM0UlMEElM0N0ZCUzRTYlRTIlODIlQUMlM0MlMkZ0ZCUzRSUwQSUzQ3RkJTNFMyVFMiU4MiVBQyUzQyUyRnRkJTNFJTBBJTNDJTJGdHIlM0UlMEElM0MlMkZ0YWJsZSUzRQ==[\/vc_raw_html][\/vc_column][\/vc_row]<\/p>\n","protected":false},"excerpt":{"rendered":"<p>[vc_row][vc_column width=&#8221;2\/3&#8243;][rev_slider_vc alias=&#8221;cavalier&#8221;][\/vc_column][vc_column width=&#8221;1\/3&#8243;][vc_wp_custommenu nav_menu=&#8221;7&#8243; el_class=&#8221;menuDroiteHebergement&#8221;][\/vc_column][\/vc_row][vc_row][vc_column][vc_separator color=&#8221;custom&#8221; accent_color=&#8221;#61d007&#8243;][\/vc_column][\/vc_row][vc_row gap=&#8221;10&#8243; el_class=&#8221;documents-dl&#8221; css=&#8221;.vc_custom_1523892067297{padding-bottom: 40px !important;}&#8221;][vc_column width=&#8221;2\/3&#8243;][vc_column_text] Pourquoi ne pas partir en vacances avec votre compagnon \u00e9quin ? [\/vc_column_text][vc_column_text]L\u2019accueil<span class=\"excerpt-hellip\"> [\u2026]<\/span><\/p>\n","protected":false},"author":1,"featured_media":0,"parent":0,"menu_order":0,"comment_status":"closed","ping_status":"closed","template":"","meta":[],"yoast_head":"<!-- This site is optimized with the Yoast SEO plugin v19.4 - https:\/\/yoast.com\/wordpress\/plugins\/seo\/ -->\n<title>Riders reception - &quot;Au Pr\u00e9 du Lac&quot; - Camping *** \u00e0 Laffrey<\/title>\n<meta name=\"description\" content=\"Que votre halte soit de courte ou de longue dur\u00e9e, le camping Au Pr\u00e9 du Lac vous accueille vous et votre compagnon \u00e9quin. Le camping est \u00e9quip\u00e9 pour recevoir les chevaux et est entour\u00e9 de parcours de ballade.\" \/>\n<meta name=\"robots\" content=\"index, follow, max-snippet:-1, max-image-preview:large, max-video-preview:-1\" \/>\n<link rel=\"canonical\" href=\"https:\/\/www.aupredulac.eu\/accueil-cavaliers\/\" \/>\n<meta property=\"og:locale\" content=\"en_US\" \/>\n<meta property=\"og:type\" content=\"article\" \/>\n<meta property=\"og:title\" content=\"Riders reception - &quot;Au Pr\u00e9 du Lac&quot; - Camping *** \u00e0 Laffrey\" \/>\n<meta property=\"og:description\" content=\"Que votre halte soit de courte ou de longue dur\u00e9e, le camping Au Pr\u00e9 du Lac vous accueille vous et votre compagnon \u00e9quin. Le camping est \u00e9quip\u00e9 pour recevoir les chevaux et est entour\u00e9 de parcours de ballade.\" \/>\n<meta property=\"og:url\" content=\"https:\/\/www.aupredulac.eu\/accueil-cavaliers\/\" \/>\n<meta property=\"og:site_name\" content=\"Au pre du Lac - Camping\" \/>\n<meta property=\"article:modified_time\" content=\"2022-04-29T07:47:42+00:00\" \/>\n<meta name=\"twitter:card\" content=\"summary_large_image\" \/>\n<meta name=\"twitter:label1\" content=\"Est. reading time\" \/>\n\t<meta name=\"twitter:data1\" content=\"2 minutes\" \/>\n<script type=\"application\/ld+json\" class=\"yoast-schema-graph\">{\"@context\":\"https:\/\/schema.org\",\"@graph\":[{\"@type\":\"WebSite\",\"@id\":\"https:\/\/www.aupredulac.eu\/#website\",\"url\":\"https:\/\/www.aupredulac.eu\/\",\"name\":\"Au pre du Lac - Camping\",\"description\":\"\",\"potentialAction\":[{\"@type\":\"SearchAction\",\"target\":{\"@type\":\"EntryPoint\",\"urlTemplate\":\"https:\/\/www.aupredulac.eu\/?s={search_term_string}\"},\"query-input\":\"required name=search_term_string\"}],\"inLanguage\":\"en-US\"},{\"@type\":\"WebPage\",\"@id\":\"https:\/\/www.aupredulac.eu\/accueil-cavaliers\/\",\"url\":\"https:\/\/www.aupredulac.eu\/accueil-cavaliers\/\",\"name\":\"Riders reception - \\\"Au Pr\u00e9 du Lac\\\" - Camping *** \u00e0 Laffrey\",\"isPartOf\":{\"@id\":\"https:\/\/www.aupredulac.eu\/#website\"},\"datePublished\":\"2018-01-08T13:05:24+00:00\",\"dateModified\":\"2022-04-29T07:47:42+00:00\",\"description\":\"Que votre halte soit de courte ou de longue dur\u00e9e, le camping Au Pr\u00e9 du Lac vous accueille vous et votre compagnon \u00e9quin. Le camping est \u00e9quip\u00e9 pour recevoir les chevaux et est entour\u00e9 de parcours de ballade.\",\"breadcrumb\":{\"@id\":\"https:\/\/www.aupredulac.eu\/accueil-cavaliers\/#breadcrumb\"},\"inLanguage\":\"en-US\",\"potentialAction\":[{\"@type\":\"ReadAction\",\"target\":[\"https:\/\/www.aupredulac.eu\/accueil-cavaliers\/\"]}]},{\"@type\":\"BreadcrumbList\",\"@id\":\"https:\/\/www.aupredulac.eu\/accueil-cavaliers\/#breadcrumb\",\"itemListElement\":[{\"@type\":\"ListItem\",\"position\":1,\"name\":\"Accueil\",\"item\":\"https:\/\/www.aupredulac.eu\/en\/\"},{\"@type\":\"ListItem\",\"position\":2,\"name\":\"Horseriders Reception (EN)\"}]}]}<\/script>\n<!-- \/ Yoast SEO plugin. -->","yoast_head_json":{"title":"Riders reception - \"Au Pr\u00e9 du Lac\" - Camping *** \u00e0 Laffrey","description":"Que votre halte soit de courte ou de longue dur\u00e9e, le camping Au Pr\u00e9 du Lac vous accueille vous et votre compagnon \u00e9quin. Le camping est \u00e9quip\u00e9 pour recevoir les chevaux et est entour\u00e9 de parcours de ballade.","robots":{"index":"index","follow":"follow","max-snippet":"max-snippet:-1","max-image-preview":"max-image-preview:large","max-video-preview":"max-video-preview:-1"},"canonical":"https:\/\/www.aupredulac.eu\/accueil-cavaliers\/","og_locale":"en_US","og_type":"article","og_title":"Riders reception - \"Au Pr\u00e9 du Lac\" - Camping *** \u00e0 Laffrey","og_description":"Que votre halte soit de courte ou de longue dur\u00e9e, le camping Au Pr\u00e9 du Lac vous accueille vous et votre compagnon \u00e9quin. Le camping est \u00e9quip\u00e9 pour recevoir les chevaux et est entour\u00e9 de parcours de ballade.","og_url":"https:\/\/www.aupredulac.eu\/accueil-cavaliers\/","og_site_name":"Au pre du Lac - Camping","article_modified_time":"2022-04-29T07:47:42+00:00","twitter_card":"summary_large_image","twitter_misc":{"Est. reading time":"2 minutes"},"schema":{"@context":"https:\/\/schema.org","@graph":[{"@type":"WebSite","@id":"https:\/\/www.aupredulac.eu\/#website","url":"https:\/\/www.aupredulac.eu\/","name":"Au pre du Lac - Camping","description":"","potentialAction":[{"@type":"SearchAction","target":{"@type":"EntryPoint","urlTemplate":"https:\/\/www.aupredulac.eu\/?s={search_term_string}"},"query-input":"required name=search_term_string"}],"inLanguage":"en-US"},{"@type":"WebPage","@id":"https:\/\/www.aupredulac.eu\/accueil-cavaliers\/","url":"https:\/\/www.aupredulac.eu\/accueil-cavaliers\/","name":"Riders reception - \"Au Pr\u00e9 du Lac\" - Camping *** \u00e0 Laffrey","isPartOf":{"@id":"https:\/\/www.aupredulac.eu\/#website"},"datePublished":"2018-01-08T13:05:24+00:00","dateModified":"2022-04-29T07:47:42+00:00","description":"Que votre halte soit de courte ou de longue dur\u00e9e, le camping Au Pr\u00e9 du Lac vous accueille vous et votre compagnon \u00e9quin. Le camping est \u00e9quip\u00e9 pour recevoir les chevaux et est entour\u00e9 de parcours de ballade.","breadcrumb":{"@id":"https:\/\/www.aupredulac.eu\/accueil-cavaliers\/#breadcrumb"},"inLanguage":"en-US","potentialAction":[{"@type":"ReadAction","target":["https:\/\/www.aupredulac.eu\/accueil-cavaliers\/"]}]},{"@type":"BreadcrumbList","@id":"https:\/\/www.aupredulac.eu\/accueil-cavaliers\/#breadcrumb","itemListElement":[{"@type":"ListItem","position":1,"name":"Accueil","item":"https:\/\/www.aupredulac.eu\/en\/"},{"@type":"ListItem","position":2,"name":"Horseriders Reception (EN)"}]}]}},"_links":{"self":[{"href":"https:\/\/www.aupredulac.eu\/en\/wp-json\/wp\/v2\/pages\/3355"}],"collection":[{"href":"https:\/\/www.aupredulac.eu\/en\/wp-json\/wp\/v2\/pages"}],"about":[{"href":"https:\/\/www.aupredulac.eu\/en\/wp-json\/wp\/v2\/types\/page"}],"author":[{"embeddable":true,"href":"https:\/\/www.aupredulac.eu\/en\/wp-json\/wp\/v2\/users\/1"}],"replies":[{"embeddable":true,"href":"https:\/\/www.aupredulac.eu\/en\/wp-json\/wp\/v2\/comments?post=3355"}],"version-history":[{"count":5,"href":"https:\/\/www.aupredulac.eu\/en\/wp-json\/wp\/v2\/pages\/3355\/revisions"}],"predecessor-version":[{"id":11946,"href":"https:\/\/www.aupredulac.eu\/en\/wp-json\/wp\/v2\/pages\/3355\/revisions\/11946"}],"wp:attachment":[{"href":"https:\/\/www.aupredulac.eu\/en\/wp-json\/wp\/v2\/media?parent=3355"}],"curies":[{"name":"wp","href":"https:\/\/api.w.org\/{rel}","templated":true}]}}