{"id":3318,"date":"2018-01-08T14:01:02","date_gmt":"2018-01-08T13:01:02","guid":{"rendered":"http:\/\/www.aupredulac.eu\/mobil-home-2-chambres\/"},"modified":"2025-06-18T15:30:15","modified_gmt":"2025-06-18T13:30:15","slug":"mobil-home-2-chambres","status":"publish","type":"page","link":"https:\/\/www.aupredulac.eu\/en\/mobil-home-2-chambres\/","title":{"rendered":"2 bedrooms Mobile-Home (EN)"},"content":{"rendered":"<p>[vc_row equal_height=&#8221;yes&#8221;][vc_column width=&#8221;2\/3&#8243; el_id=&#8221;Slider1&#8243;][rev_slider_vc alias=&#8221;mobilHome2chambres&#8221;][\/vc_column][vc_column css_animation=&#8221;slideInRight&#8221; width=&#8221;1\/3&#8243; el_id=&#8221;Bloc1&#8243;][vc_wp_custommenu nav_menu=&#8221;7&#8243; el_class=&#8221;menuDroiteHebergement&#8221;][\/vc_column][\/vc_row][vc_row][vc_column][vc_separator color=&#8221;custom&#8221; accent_color=&#8221;#61d007&#8243;][\/vc_column][\/vc_row][vc_row el_class=&#8221;documents-dl&#8221;][vc_column width=&#8221;2\/3&#8243;][vc_column_text css=&#8221;.vc_custom_1516878532707{margin-bottom: -10px !important;}&#8221;]<\/p>\n<h3 style=\"text-align: left;\">Fournitures<\/h3>\n<p>[\/vc_column_text][vc_row_inner][vc_column_inner width=&#8221;1\/2&#8243; el_id=&#8221;Liste1&#8243;][vc_column_text el_class=&#8221;listeHebergement&#8221;]<\/p>\n<ul>\n<li>1 lit (140\u00d7190)<\/li>\n<li>Banquette<\/li>\n<li>Salle de bain douche<\/li>\n<li>1 micro-onde<\/li>\n<li>Cafeti\u00e8re<\/li>\n<li>Salon de jardin<\/li>\n<li>Parking<\/li>\n<\/ul>\n<p>[\/vc_column_text][\/vc_column_inner][vc_column_inner width=&#8221;1\/2&#8243; el_id=&#8221;Liste2&#8243;][vc_column_text el_class=&#8221;listeHebergement&#8221;]<\/p>\n<ul>\n<li>2 lits (80\u00d7190)<\/li>\n<li>1 WC<\/li>\n<li>4 feux de cuisson au gaz<\/li>\n<li>1 r\u00e9frig\u00e9rateur<\/li>\n<li>\u00c9tendoir \u00e0 linge<\/li>\n<li>Balais<\/li>\n<li>serpilli\u00e8re<\/li>\n<li>couettes et oreillers<\/li>\n<\/ul>\n<p>[\/vc_column_text][\/vc_column_inner][\/vc_row_inner][\/vc_column][vc_column css_animation=&#8221;slideInRight&#8221; width=&#8221;1\/3&#8243; css=&#8221;.vc_custom_1523454159595{background-color: #f0f0f1 !important;}&#8221; el_id=&#8221;Reservation&#8221;][vc_btn title=&#8221;R\u00e9server&#8221; color=&#8221;warning&#8221; align=&#8221;center&#8221; css_animation=&#8221;none&#8221; button_block=&#8221;true&#8221; link=&#8221;url:https%3A%2F%2Fbookingpremium.secureholiday.net%2Ffr%2F1766%2F|target:%20_blank|&#8221; el_class=&#8221;btn-reserver&#8221;][vc_separator color=&#8221;orange&#8221;][vc_column_text]<\/p>\n<h3 style=\"text-align: center;\">DOCUMENTS \u00c0 T\u00c9L\u00c9CHARGER<\/h3>\n<p>[\/vc_column_text][vc_btn title=&#8221;R\u00e8glements&#8221; color=&#8221;warning&#8221; align=&#8221;center&#8221; button_block=&#8221;true&#8221; link=&#8221;url:%2Fwp-content%2Fuploads%2F2018%2F01%2Freglement_terrains_de_camping.pdf|target:%20_blank|&#8221;][vc_btn title=&#8221;Conditions g\u00e9n\u00e9rales de ventes&#8221; color=&#8221;warning&#8221; align=&#8221;center&#8221; button_block=&#8221;true&#8221; link=&#8221;url:%2Fwp-content%2Fuploads%2F2018%2F01%2Fconditiondeventefr.pdf|target:%20_blank|&#8221;][\/vc_column][\/vc_row][vc_row][vc_column][vc_separator color=&#8221;custom&#8221; accent_color=&#8221;#61d007&#8243;][vc_column_text css=&#8221;.vc_custom_1750253411175{margin-top: 100px !important;}&#8221;]<\/p>\n<h3>Tarifs Mobil Home 2 Chambres &#8211; 4 Personnes<\/h3>\n<p>Basse saison 28\/04\/25 au 11\/07\/24 et 08\/09\/25 au 05\/10\/25<\/p>\n<p>Moyenne saison 21\/06\/25 au 11\/07\/25<\/p>\n<p>Haute saison du 11\/07\/25 au 07\/09\/25[\/vc_column_text][vc_raw_html]JTNDZGl2JTIwc3R5bGUlM0QlMjJvdmVyZmxvdy14JTNBYXV0byUzQiUyMiUzRSUwQSUwOSUzQ3RhYmxlJTIwY2xhc3MlM0QlMjJ0YWJsZUhlYmVyZ2VtZW50JTIyJTNFJTBBJTA5JTA5JTNDdHIlM0UlMEElMDklMDklMDklMEElMDklMDklMDklM0N0aCUzRVNhaXNvbiUzQyUyRnRoJTNFJTBBJTA5JTA5JTA5JTNDdGglM0UxJTIwbnVpdCUzQyUyRnRoJTNFJTBBJTA5JTA5JTA5JTNDdGglM0UyJTIwbnVpdHMlM0MlMkZ0aCUzRSUwQSUwOSUwOSUwOSUzQ3RoJTNFMyUyMG51aXRzJTNDJTJGdGglM0UlMEElMDklMDklMDklM0N0aCUzRTQlMjBudWl0cyUzQyUyRnRoJTNFJTBBJTA5JTA5JTA5JTNDdGglM0U1JTIwbnVpdHMlM0MlMkZ0aCUzRSUwQSUwOSUwOSUwOSUzQ3RoJTNFNiUyMG51aXRzJTNDJTJGdGglM0UlMEElMDklMDklMDklM0N0aCUzRVNlbWFpbmUlM0MlMkZ0aCUzRSUwQSUwOSUwOSUzQyUyRnRyJTNFJTBBJTA5JTA5JTNDdHIlM0UlMEElMDklMDklMDklM0N0ZCUzRUJhc3NlJTNDJTJGdGQlM0UlMEElMDklMDklMDklM0N0ZCUzRTkwJUUyJTgyJUFDJTNDJTJGdGQlM0UlMEElMDklMDklMDklM0N0ZCUzRTE0MCVFMiU4MiVBQyUzQyUyRnRkJTNFJTBBJTA5JTA5JTA5JTNDdGQlM0UxOTUlRTIlODIlQUMlM0MlMkZ0ZCUzRSUwQSUwOSUwOSUwOSUzQ3RkJTNFMjQ1JUUyJTgyJUFDJTNDJTJGdGQlM0UlMEElMDklMDklMDklM0N0ZCUzRTI4NSVFMiU4MiVBQyUzQyUyRnRkJTNFJTBBJTA5JTA5JTA5JTNDdGQlM0UlMjAzMjAlRTIlODIlQUMlM0MlMkZ0ZCUzRSUwQSUwOSUwOSUwOSUzQ3RkJTNFMzY1JUUyJTgyJUFDJTNDJTJGdGQlM0UlMEElMDklMDklM0MlMkZ0ciUzRSUwQSUwOSUwOSUzQ3RyJTNFJTBBJTA5JTA5JTA5JTNDdGQlM0VIYXV0ZSUzQyUyRnRkJTNFJTBBJTA5JTA5JTA5JTNDdGQlM0VYJTNDJTJGdGQlM0UlMEElMDklMDklMDklM0N0ZCUzRVglM0MlMkZ0ZCUzRSUwQSUwOSUwOSUwOSUzQ3RkJTNFWCUzQyUyRnRkJTNFJTBBJTA5JTA5JTA5JTNDdGQlM0VYJTNDJTJGdGQlM0UlMEElMDklMDklMDklM0N0ZCUzRVglM0MlMkZ0ZCUzRSUwQSUwOSUwOSUwOSUzQ3RkJTNFWCUzQyUyRnRkJTNFJTBBJTA5JTA5JTA5JTNDdGQlM0U3OTAlRTIlODIlQUMlM0MlMkZ0ZCUzRSUwQSUwOSUwOSUzQyUyRnRyJTNFJTBBJTA5JTNDJTJGdGFibGUlM0UlMEElM0MlMkZkaXYlM0U=[\/vc_raw_html][\/vc_column][\/vc_row][vc_row][vc_column][vc_single_image image=&#8221;11734&#8243; img_size=&#8221;large&#8221; onclick=&#8221;link_image&#8221; title=&#8221;Plan du camping&#8221;][\/vc_column][\/vc_row]<\/p>\n","protected":false},"excerpt":{"rendered":"<p>[vc_row equal_height=&#8221;yes&#8221;][vc_column width=&#8221;2\/3&#8243; el_id=&#8221;Slider1&#8243;][rev_slider_vc alias=&#8221;mobilHome2chambres&#8221;][\/vc_column][vc_column css_animation=&#8221;slideInRight&#8221; width=&#8221;1\/3&#8243; el_id=&#8221;Bloc1&#8243;][vc_wp_custommenu nav_menu=&#8221;7&#8243; el_class=&#8221;menuDroiteHebergement&#8221;][\/vc_column][\/vc_row][vc_row][vc_column][vc_separator color=&#8221;custom&#8221; accent_color=&#8221;#61d007&#8243;][\/vc_column][\/vc_row][vc_row el_class=&#8221;documents-dl&#8221;][vc_column width=&#8221;2\/3&#8243;][vc_column_text css=&#8221;.vc_custom_1516878532707{margin-bottom: -10px !important;}&#8221;] Fournitures [\/vc_column_text][vc_row_inner][vc_column_inner width=&#8221;1\/2&#8243; el_id=&#8221;Liste1&#8243;][vc_column_text el_class=&#8221;listeHebergement&#8221;] 1 lit (140\u00d7190) Banquette<span class=\"excerpt-hellip\"> [\u2026]<\/span><\/p>\n","protected":false},"author":1,"featured_media":0,"parent":0,"menu_order":0,"comment_status":"closed","ping_status":"closed","template":"","meta":[],"yoast_head":"<!-- This site is optimized with the Yoast SEO plugin v19.4 - https:\/\/yoast.com\/wordpress\/plugins\/seo\/ -->\n<title>2 bedrooms Mobile-Home (EN) - Au pre du Lac - Camping<\/title>\n<meta name=\"description\" content=\"Camping and comfort with family or friends, the 2-bedroom mobile home is made for you. Ideal to accommodate 4 people. Fully equipped mobile home.\" \/>\n<meta name=\"robots\" content=\"index, follow, max-snippet:-1, max-image-preview:large, max-video-preview:-1\" \/>\n<link rel=\"canonical\" href=\"https:\/\/www.aupredulac.eu\/en\/mobil-home-2-chambres\/\" \/>\n<meta property=\"og:locale\" content=\"en_US\" \/>\n<meta property=\"og:type\" content=\"article\" \/>\n<meta property=\"og:title\" content=\"2 bedrooms Mobile-Home (EN) - Au pre du Lac - Camping\" \/>\n<meta property=\"og:description\" content=\"Camping and comfort with family or friends, the 2-bedroom mobile home is made for you. Ideal to accommodate 4 people. Fully equipped mobile home.\" \/>\n<meta property=\"og:url\" content=\"https:\/\/www.aupredulac.eu\/en\/mobil-home-2-chambres\/\" \/>\n<meta property=\"og:site_name\" content=\"Au pre du Lac - Camping\" \/>\n<meta property=\"article:modified_time\" content=\"2025-06-18T13:30:15+00:00\" \/>\n<meta name=\"twitter:card\" content=\"summary_large_image\" \/>\n<meta name=\"twitter:label1\" content=\"Est. reading time\" \/>\n\t<meta name=\"twitter:data1\" content=\"1 minute\" \/>\n<script type=\"application\/ld+json\" class=\"yoast-schema-graph\">{\"@context\":\"https:\/\/schema.org\",\"@graph\":[{\"@type\":\"WebSite\",\"@id\":\"https:\/\/www.aupredulac.eu\/#website\",\"url\":\"https:\/\/www.aupredulac.eu\/\",\"name\":\"Au pre du Lac - Camping\",\"description\":\"\",\"potentialAction\":[{\"@type\":\"SearchAction\",\"target\":{\"@type\":\"EntryPoint\",\"urlTemplate\":\"https:\/\/www.aupredulac.eu\/?s={search_term_string}\"},\"query-input\":\"required name=search_term_string\"}],\"inLanguage\":\"en-US\"},{\"@type\":\"WebPage\",\"@id\":\"https:\/\/www.aupredulac.eu\/en\/mobil-home-2-chambres\/\",\"url\":\"https:\/\/www.aupredulac.eu\/en\/mobil-home-2-chambres\/\",\"name\":\"2 bedrooms Mobile-Home (EN) - Au pre du Lac - Camping\",\"isPartOf\":{\"@id\":\"https:\/\/www.aupredulac.eu\/#website\"},\"datePublished\":\"2018-01-08T13:01:02+00:00\",\"dateModified\":\"2025-06-18T13:30:15+00:00\",\"description\":\"Camping and comfort with family or friends, the 2-bedroom mobile home is made for you. Ideal to accommodate 4 people. Fully equipped mobile home.\",\"breadcrumb\":{\"@id\":\"https:\/\/www.aupredulac.eu\/en\/mobil-home-2-chambres\/#breadcrumb\"},\"inLanguage\":\"en-US\",\"potentialAction\":[{\"@type\":\"ReadAction\",\"target\":[\"https:\/\/www.aupredulac.eu\/en\/mobil-home-2-chambres\/\"]}]},{\"@type\":\"BreadcrumbList\",\"@id\":\"https:\/\/www.aupredulac.eu\/en\/mobil-home-2-chambres\/#breadcrumb\",\"itemListElement\":[{\"@type\":\"ListItem\",\"position\":1,\"name\":\"Accueil\",\"item\":\"https:\/\/www.aupredulac.eu\/en\/\"},{\"@type\":\"ListItem\",\"position\":2,\"name\":\"2 bedrooms Mobile-Home (EN)\"}]}]}<\/script>\n<!-- \/ Yoast SEO plugin. -->","yoast_head_json":{"title":"2 bedrooms Mobile-Home (EN) - Au pre du Lac - Camping","description":"Camping and comfort with family or friends, the 2-bedroom mobile home is made for you. Ideal to accommodate 4 people. Fully equipped mobile home.","robots":{"index":"index","follow":"follow","max-snippet":"max-snippet:-1","max-image-preview":"max-image-preview:large","max-video-preview":"max-video-preview:-1"},"canonical":"https:\/\/www.aupredulac.eu\/en\/mobil-home-2-chambres\/","og_locale":"en_US","og_type":"article","og_title":"2 bedrooms Mobile-Home (EN) - Au pre du Lac - Camping","og_description":"Camping and comfort with family or friends, the 2-bedroom mobile home is made for you. Ideal to accommodate 4 people. Fully equipped mobile home.","og_url":"https:\/\/www.aupredulac.eu\/en\/mobil-home-2-chambres\/","og_site_name":"Au pre du Lac - Camping","article_modified_time":"2025-06-18T13:30:15+00:00","twitter_card":"summary_large_image","twitter_misc":{"Est. reading time":"1 minute"},"schema":{"@context":"https:\/\/schema.org","@graph":[{"@type":"WebSite","@id":"https:\/\/www.aupredulac.eu\/#website","url":"https:\/\/www.aupredulac.eu\/","name":"Au pre du Lac - Camping","description":"","potentialAction":[{"@type":"SearchAction","target":{"@type":"EntryPoint","urlTemplate":"https:\/\/www.aupredulac.eu\/?s={search_term_string}"},"query-input":"required name=search_term_string"}],"inLanguage":"en-US"},{"@type":"WebPage","@id":"https:\/\/www.aupredulac.eu\/en\/mobil-home-2-chambres\/","url":"https:\/\/www.aupredulac.eu\/en\/mobil-home-2-chambres\/","name":"2 bedrooms Mobile-Home (EN) - Au pre du Lac - Camping","isPartOf":{"@id":"https:\/\/www.aupredulac.eu\/#website"},"datePublished":"2018-01-08T13:01:02+00:00","dateModified":"2025-06-18T13:30:15+00:00","description":"Camping and comfort with family or friends, the 2-bedroom mobile home is made for you. Ideal to accommodate 4 people. Fully equipped mobile home.","breadcrumb":{"@id":"https:\/\/www.aupredulac.eu\/en\/mobil-home-2-chambres\/#breadcrumb"},"inLanguage":"en-US","potentialAction":[{"@type":"ReadAction","target":["https:\/\/www.aupredulac.eu\/en\/mobil-home-2-chambres\/"]}]},{"@type":"BreadcrumbList","@id":"https:\/\/www.aupredulac.eu\/en\/mobil-home-2-chambres\/#breadcrumb","itemListElement":[{"@type":"ListItem","position":1,"name":"Accueil","item":"https:\/\/www.aupredulac.eu\/en\/"},{"@type":"ListItem","position":2,"name":"2 bedrooms Mobile-Home (EN)"}]}]}},"_links":{"self":[{"href":"https:\/\/www.aupredulac.eu\/en\/wp-json\/wp\/v2\/pages\/3318"}],"collection":[{"href":"https:\/\/www.aupredulac.eu\/en\/wp-json\/wp\/v2\/pages"}],"about":[{"href":"https:\/\/www.aupredulac.eu\/en\/wp-json\/wp\/v2\/types\/page"}],"author":[{"embeddable":true,"href":"https:\/\/www.aupredulac.eu\/en\/wp-json\/wp\/v2\/users\/1"}],"replies":[{"embeddable":true,"href":"https:\/\/www.aupredulac.eu\/en\/wp-json\/wp\/v2\/comments?post=3318"}],"version-history":[{"count":17,"href":"https:\/\/www.aupredulac.eu\/en\/wp-json\/wp\/v2\/pages\/3318\/revisions"}],"predecessor-version":[{"id":14451,"href":"https:\/\/www.aupredulac.eu\/en\/wp-json\/wp\/v2\/pages\/3318\/revisions\/14451"}],"wp:attachment":[{"href":"https:\/\/www.aupredulac.eu\/en\/wp-json\/wp\/v2\/media?parent=3318"}],"curies":[{"name":"wp","href":"https:\/\/api.w.org\/{rel}","templated":true}]}}